{"id":1006,"date":"2018-07-02T19:13:26","date_gmt":"2018-07-02T22:13:26","guid":{"rendered":"https:\/\/isfdyt35-bue.infd.edu.ar\/sitio\/biblioteca\/"},"modified":"2025-06-04T17:19:08","modified_gmt":"2025-06-04T20:19:08","slug":"biblioteca","status":"publish","type":"page","link":"https:\/\/isfdyt35-bue.infd.edu.ar\/sitio\/biblioteca\/","title":{"rendered":"Biblioteca"},"content":{"rendered":"\n<p class=\"has-medium-font-size\"><a rel=\"noreferrer noopener\" href=\"https:\/\/isfdyt35.opac.ar\/\" target=\"_blank\"><strong>CAT\u00c1LOGO DE LA BIBLIOTECA DEL ISFDyT 35<\/strong><\/a><\/p>\n\n\n<p><b>Presentaci\u00f3n de la Biblioteca<\/b><\/p>\n<p><span style=\"font-weight: 400;\">La biblioteca del Instituto N\u00b035 brinda un servicio clave para la formaci\u00f3n docente y t\u00e9cnica. Ubicada dentro del instituto, su misi\u00f3n es proporcionar acceso a materiales bibliogr\u00e1ficos, publicaciones peri\u00f3dicas, recursos digitales y asistencia personalizada a los estudiantes y docentes. La biblioteca cuenta con un horario de atenci\u00f3n que facilita la consulta de recursos tanto dentro como fuera de la instituci\u00f3n, con servicios de pr\u00e9stamo en sala y a domicilio.<\/span><\/p>\n<p><span style=\"font-weight: 400;\">El personal de la biblioteca est\u00e1 compuesto por bibliotecarios profesionales. Cada miembro del equipo tiene asignadas responsabilidades espec\u00edficas, desde la atenci\u00f3n al p\u00fablico hasta el procesamiento t\u00e9cnico de los materiales. El equipo trabaja coordinadamente para garantizar la disponibilidad de los recursos y la atenci\u00f3n adecuada a los usuarios. Se mantiene una distribuci\u00f3n horaria que asegura el correcto funcionamiento durante todo el horario de apertura del Instituto.<\/span><\/p>\n<p><b>Horarios<\/b><\/p>\n<p><span style=\"font-weight: 400;\">Lunes a viernes<\/span><\/p>\n<p><span style=\"font-weight: 400;\">8:00 a 12:30 hs y 13:00 a 22:00 hs<\/span><\/p>\n<p><span style=\"font-weight: 400;\">S\u00e1bado<\/span><\/p>\n<p><span style=\"font-weight: 400;\">08:00 a 17:00 hs<\/span><\/p>\n<p><b>Bibliotecarios a cargo<\/b><\/p>\n<p><i><span style=\"font-weight: 400;\">Sandoval, Gustavo Luis<\/span><\/i><\/p>\n<p><i><span style=\"font-weight: 400;\">Iriarte, Cintia Celinda<\/span><\/i><\/p>\n<p><i><span style=\"font-weight: 400;\">Para consultas escribir a <\/span><\/i><a href=\"mailto:bibliotecarias35@gmail.com\"><i><span style=\"font-weight: 400;\">bibliotecarias35@gmail.com<\/span><\/i><\/a><\/p>\n<p><i><span style=\"font-weight: 400;\">Para solicitud de programas a <\/span><\/i><a href=\"mailto:biblioprogramas35@gmail.com\"><i><span style=\"font-weight: 400;\">biblioprogramas35@gmail.com<\/span><\/i><\/a><\/p>\n<p><b>Servicios y Productos<\/b><\/p>\n<p><b>Pr\u00e9stamos:<\/b><span style=\"font-weight: 400;\"> La biblioteca ofrece servicios de pr\u00e9stamo a domicilio, en sala de lectura y aula. Los usuarios pueden solicitar materiales por un tiempo determinado, respetando las normativas de devoluci\u00f3n y el cuidado de los materiales<\/span> <a href=\"https:\/\/docs.google.com\/document\/d\/1T1mv01fFSQZPI9Dge8zVmAnFMhKWY0KH\/edit?usp=sharing&amp;ouid=101677189152538565688&amp;rtpof=true&amp;sd=true\"><b><span data-rich-links=\"{&quot;fple-t&quot;:&quot;REGLAMENTO BIBLIOTECA 2025.docx&quot;,&quot;fple-u&quot;:&quot;https:\/\/docs.google.com\/document\/d\/1T1mv01fFSQZPI9Dge8zVmAnFMhKWY0KH\/edit?usp=sharing&amp;ouid=101677189152538565688&amp;rtpof=true&amp;sd=true&quot;,&quot;fple-mt&quot;:&quot;application\/vnd.openxmlformats-officedocument.wordprocessingml.document&quot;,&quot;type&quot;:&quot;first-party-link&quot;}\">REGLAMENTO BIBLIOTECA 2025.docx<\/span><\/b><\/a><\/p>\n<p><b>Referencia:<\/b><span style=\"font-weight: 400;\"> Se ofrece orientaci\u00f3n a los usuarios en la b\u00fasqueda de informaci\u00f3n y la localizaci\u00f3n de materiales espec\u00edficos.<\/span><\/p>\n<p><b>Acceso a Internet:<\/b><span style=\"font-weight: 400;\"> Los usuarios tienen acceso a internet en la sala de la biblioteca.<\/span><\/p>\n<p><b>Formaci\u00f3n de Usuarios: <\/b><span style=\"font-weight: 400;\">Se organizan actividades destinadas a informar a los ingresantes a utilizar eficientemente los recursos de la biblioteca.\u00a0<\/span><\/p>\n<p><b>FORMULARIO ASOCIACI\u00d3N 2025<\/b><\/p>\n<p><a href=\"https:\/\/docs.google.com\/forms\/d\/e\/1FAIpQLScrn1bgW25Oq-KZw9SFRaRV-hvmuj5Pj5eDp48Rx8YS_ngz6g\/viewform?usp=header\"><span style=\"font-weight: 400;\">https:\/\/docs.google.com\/forms\/d\/e\/1FAIpQLScrn1bgW25Oq-KZw9SFRaRV-hvmuj5Pj5eDp48Rx8YS_ngz6g\/viewform?usp=header<\/span><\/a><\/p>\n<p><b>FORMULARIO SUGERENCIAS<\/b><\/p>\n<p><a href=\"https:\/\/docs.google.com\/forms\/d\/e\/1FAIpQLSe79swU00ez467nvU2imCxM3oWKWFvMYLJOLsXc_EeTZIDiDg\/viewform?usp=header\"><span style=\"font-weight: 400;\">https:\/\/docs.google.com\/forms\/d\/e\/1FAIpQLSe79swU00ez467nvU2imCxM3oWKWFvMYLJOLsXc_EeTZIDiDg\/viewform?usp=header<\/span><\/a><\/p>","protected":false},"excerpt":{"rendered":"<p>CAT\u00c1LOGO DE LA BIBLIOTECA DEL ISFDyT 35 Presentaci\u00f3n de la Biblioteca La biblioteca del Instituto N\u00b035 brinda un servicio clave para la formaci\u00f3n docente y t\u00e9cnica. Ubicada dentro del instituto, su misi\u00f3n es proporcionar acceso a materiales bibliogr\u00e1ficos, publicaciones peri\u00f3dicas, recursos digitales y asistencia personalizada a los estudiantes y docentes. La biblioteca cuenta con un &#8230; <a title=\"Biblioteca\" class=\"read-more\" href=\"https:\/\/isfdyt35-bue.infd.edu.ar\/sitio\/biblioteca\/\" aria-label=\"More on Biblioteca\">[+]<\/a><\/p>\n","protected":false},"author":4004,"featured_media":0,"parent":0,"menu_order":0,"comment_status":"closed","ping_status":"closed","template":"","meta":[],"acf":[],"_links":{"self":[{"href":"https:\/\/isfdyt35-bue.infd.edu.ar\/sitio\/wp-json\/wp\/v2\/pages\/1006"}],"collection":[{"href":"https:\/\/isfdyt35-bue.infd.edu.ar\/sitio\/wp-json\/wp\/v2\/pages"}],"about":[{"href":"https:\/\/isfdyt35-bue.infd.edu.ar\/sitio\/wp-json\/wp\/v2\/types\/page"}],"author":[{"embeddable":true,"href":"https:\/\/isfdyt35-bue.infd.edu.ar\/sitio\/wp-json\/wp\/v2\/users\/4004"}],"replies":[{"embeddable":true,"href":"https:\/\/isfdyt35-bue.infd.edu.ar\/sitio\/wp-json\/wp\/v2\/comments?post=1006"}],"version-history":[{"count":6,"href":"https:\/\/isfdyt35-bue.infd.edu.ar\/sitio\/wp-json\/wp\/v2\/pages\/1006\/revisions"}],"predecessor-version":[{"id":8723,"href":"https:\/\/isfdyt35-bue.infd.edu.ar\/sitio\/wp-json\/wp\/v2\/pages\/1006\/revisions\/8723"}],"wp:attachment":[{"href":"https:\/\/isfdyt35-bue.infd.edu.ar\/sitio\/wp-json\/wp\/v2\/media?parent=1006"}],"curies":[{"name":"wp","href":"https:\/\/api.w.org\/{rel}","templated":true}]}}