{"id":1019,"date":"2018-07-02T19:13:32","date_gmt":"2018-07-02T22:13:32","guid":{"rendered":"https:\/\/isfdyt35-bue.infd.edu.ar\/sitio\/profesorado-en-biologia\/"},"modified":"2024-12-18T21:11:42","modified_gmt":"2024-12-19T00:11:42","slug":"profesorado-en-biologia","status":"publish","type":"page","link":"https:\/\/isfdyt35-bue.infd.edu.ar\/sitio\/profesorado-en-biologia\/","title":{"rendered":"PROFESORADO EN BIOLOG\u00cdA"},"content":{"rendered":"\n<p><a href=\"https:\/\/isfdyt35-bue.infd.edu.ar\/sitio\/r-a-m-regimen-academico-marco\/\">R. A. M. (R\u00c9GIMEN ACAD\u00c9MICO MARCO) \u2013 I.S.F.D. y T. N\u00b0 35 \u00abProf. Vicente D&#8217;Abramo\u00bb<\/a><\/p>\n\n\n<p><img decoding=\"async\" src=\"https:\/\/isfdyt35-bue.infd.edu.ar\/sitio\/wp-content\/uploads\/2024\/08\/banner-biologia.jpg\" \/><\/p>\n<p style=\"margin: 0cm; margin-bottom: .0001pt; background: white;\"><span lang=\"ES-US\" style=\"font-size: 13.0pt; font-family: Roboto; color: #3a3a3a;\">En el primer a\u00f1o se desarrollan contenidos que ser\u00e1n la base para la construcci\u00f3n del \u00c1rea de Biolog\u00eda sumado a una formaci\u00f3n general con \u00e9nfasis en aspectos pedag\u00f3gicos y did\u00e1cticos para iniciar la formaci\u00f3n espec\u00edfica en una de las disciplinas. <\/span><\/p>\n<p style=\"margin: 0cm; margin-bottom: .0001pt; background: white;\"><span lang=\"ES-US\" style=\"font-size: 13.0pt; font-family: Roboto; color: #3a3a3a;\">\u00a0<\/span><\/p>\n<p style=\"margin: 0cm; margin-bottom: .0001pt; background: white;\"><span lang=\"ES-US\" style=\"font-size: 13.0pt; font-family: Roboto; color: #3a3a3a;\">En los a\u00f1os siguientes, se brindan espacios de formaci\u00f3n espec\u00edfica en el \u00e1rea de incumbencia, sustanciales para la adecuada formaci\u00f3n en esta especialidad y los conocimientos did\u00e1cticos necesarios para un adecuado desenvolvimiento docente.<\/span><\/p>\n<p style=\"margin: 0cm; margin-bottom: .0001pt; background: white;\"><span lang=\"ES-US\" style=\"font-size: 13.0pt; font-family: Roboto; color: #3a3a3a;\">\u00a0<\/span><\/p>\n<p style=\"margin: 0cm; margin-bottom: .0001pt; background: white;\"><span lang=\"ES-US\" style=\"font-size: 13.0pt; font-family: Roboto; color: #3a3a3a;\">Nuestra meta es formar docentes actualizados y con una visi\u00f3n interdisciplinaria, con una fuerte impronta en lo concreto y lo pr\u00e1ctico.<\/span><\/p>\n<p style=\"margin: 0cm; margin-bottom: .0001pt; background: white;\"><span lang=\"ES-US\" style=\"font-size: 13.0pt; font-family: Roboto; color: #3a3a3a;\">Ello permitir\u00e1 la formaci\u00f3n necesaria en aspectos en que las disciplinas aisladas dar\u00edan una visi\u00f3n parcial o insuficiente en cuanto a sus alcances y relevancia. <\/span><\/p>\n<p style=\"margin: 0cm; margin-bottom: .0001pt; background: white;\"><span lang=\"ES-US\" style=\"font-size: 13.0pt; font-family: Roboto; color: #3a3a3a;\">Como dijimos, es importante, en funci\u00f3n de la transposici\u00f3n did\u00e1ctica futura, familiarizar a los docentes en formaci\u00f3n con el instrumental y las t\u00e9cnicas experimentales y el promover acciones para el planteo y resoluci\u00f3n de situaciones problem\u00e1ticas (incluso basadas en la vida cotidiana), as\u00ed como la formulaci\u00f3n de hip\u00f3tesis, el dise\u00f1o y realizaci\u00f3n de proyectos de divulgaci\u00f3n, extensi\u00f3n e investigaci\u00f3n.<\/span><\/p>\n<p style=\"margin: 0cm; margin-bottom: .0001pt; background: white;\"><span lang=\"ES-US\" style=\"font-size: 13.0pt; font-family: Roboto; color: #3a3a3a;\">\u00a0<\/span><\/p>\n<p style=\"margin: 0cm; margin-bottom: .0001pt; background: white;\"><span lang=\"ES-US\" style=\"font-size: 13.0pt; font-family: Roboto; color: #3a3a3a;\">Todo ello apuntando al dominio de la propia disciplina y la idoneidad del egresado para desempe\u00f1arse en el Nivel Secundario, como un transmisor de la Ciencia y su forma racional de explicar el mundo.<\/span><\/p>\n<p>\u00a0<\/p>\n<p><span style=\"color: #000080; text-decoration: underline;\"><span style=\"font-family: arial,helvetica,sans-serif; font-size: 14pt;\"><strong>Duraci\u00f3n de la Carrera:\u00a0<\/strong><\/span><\/span><span style=\"font-family: arial,helvetica,sans-serif; font-size: 14pt;\">4 a\u00f1os\u00a0&#8211; turno vespertino &#8211;\u00a0Res. N\u00ba 13259\/99<\/span><\/p>\n<p><span style=\"color: #000080; text-decoration: underline;\"><span style=\"font-family: arial,helvetica,sans-serif; font-size: 14pt;\"><strong> Horarios de Cursadas: <\/strong><\/span><\/span>Lunes a Viernes 17:30 a 21:30, Pr\u00e1cticas en contraturno<\/p>\n<p><span style=\"color: #000080; text-decoration: underline;\"><span style=\"font-family: arial,helvetica,sans-serif; font-size: 14pt;\"><strong>Jefe de \u00c1rea: <\/strong><\/span><\/span><span style=\"font-family: arial,helvetica,sans-serif; font-size: 14pt;\">Licenciado MENDEZ, Hector<\/span><\/p>\n<p><span style=\"color: #000080; text-decoration: underline;\"><span style=\"font-family: arial,helvetica,sans-serif; font-size: 14pt;\"><strong>Preceptor: <\/strong><\/span><\/span><span style=\"font-family: arial,helvetica,sans-serif; font-size: 14pt;\">Profesora Arimond Marta<\/span><\/p>\n<p><span style=\"color: #333399;\"><strong>Contacto de la carrera: <a href=\"mailto:precefqb35@gmail.com\">precefqb35@gmail.com<\/a><\/strong><\/span><\/p>\n<p><span style=\"font-family: arial,helvetica,sans-serif; font-size: 14pt;\">\u00a0<\/span><\/p>\n<p><a href=\"https:\/\/isfdyt35-bue.infd.edu.ar\/sitio\/wp-content\/uploads\/2024\/08\/PROFESORADO-EN-BIOLOGIA-DISENO-CURRICULAR.pdf\"><span style=\"font-family: arial,helvetica,sans-serif; font-size: 14pt;\"><b>DISE\u00d1O CURRICULAR PROFESORADO DE BIOLOG\u00cdA<\/b><\/span><\/a><\/p>","protected":false},"excerpt":{"rendered":"<p>R. A. M. (R\u00c9GIMEN ACAD\u00c9MICO MARCO) \u2013 I.S.F.D. y T. N\u00b0 35 \u00abProf. Vicente D&#8217;Abramo\u00bb En el primer a\u00f1o se desarrollan contenidos que ser\u00e1n la base para la construcci\u00f3n del \u00c1rea de Biolog\u00eda sumado a una formaci\u00f3n general con \u00e9nfasis en aspectos pedag\u00f3gicos y did\u00e1cticos para iniciar la formaci\u00f3n espec\u00edfica en una de las disciplinas. &#8230; <a title=\"PROFESORADO EN BIOLOG\u00cdA\" class=\"read-more\" href=\"https:\/\/isfdyt35-bue.infd.edu.ar\/sitio\/profesorado-en-biologia\/\" aria-label=\"More on PROFESORADO EN BIOLOG\u00cdA\">[+]<\/a><\/p>\n","protected":false},"author":4004,"featured_media":0,"parent":0,"menu_order":0,"comment_status":"closed","ping_status":"closed","template":"","meta":[],"acf":[],"_links":{"self":[{"href":"https:\/\/isfdyt35-bue.infd.edu.ar\/sitio\/wp-json\/wp\/v2\/pages\/1019"}],"collection":[{"href":"https:\/\/isfdyt35-bue.infd.edu.ar\/sitio\/wp-json\/wp\/v2\/pages"}],"about":[{"href":"https:\/\/isfdyt35-bue.infd.edu.ar\/sitio\/wp-json\/wp\/v2\/types\/page"}],"author":[{"embeddable":true,"href":"https:\/\/isfdyt35-bue.infd.edu.ar\/sitio\/wp-json\/wp\/v2\/users\/4004"}],"replies":[{"embeddable":true,"href":"https:\/\/isfdyt35-bue.infd.edu.ar\/sitio\/wp-json\/wp\/v2\/comments?post=1019"}],"version-history":[{"count":26,"href":"https:\/\/isfdyt35-bue.infd.edu.ar\/sitio\/wp-json\/wp\/v2\/pages\/1019\/revisions"}],"predecessor-version":[{"id":8316,"href":"https:\/\/isfdyt35-bue.infd.edu.ar\/sitio\/wp-json\/wp\/v2\/pages\/1019\/revisions\/8316"}],"wp:attachment":[{"href":"https:\/\/isfdyt35-bue.infd.edu.ar\/sitio\/wp-json\/wp\/v2\/media?parent=1019"}],"curies":[{"name":"wp","href":"https:\/\/api.w.org\/{rel}","templated":true}]}}