{"id":1023,"date":"2018-07-02T19:13:33","date_gmt":"2018-07-02T22:13:33","guid":{"rendered":"https:\/\/isfdyt35-bue.infd.edu.ar\/sitio\/profesorado-en-matematica\/"},"modified":"2024-12-18T21:08:47","modified_gmt":"2024-12-19T00:08:47","slug":"profesorado-en-matematica","status":"publish","type":"page","link":"https:\/\/isfdyt35-bue.infd.edu.ar\/sitio\/profesorado-en-matematica\/","title":{"rendered":"PROFESORADO EN MATEM\u00c1TICA"},"content":{"rendered":"<p><img decoding=\"async\" loading=\"lazy\" style=\"margin: 0px auto; border: 1px solid black; width: 368px; height: 127px; display: block;\" src=\"http:\/\/1.bp.blogspot.com\/-ECBZJjPHihM\/UWbmR6aDoiI\/AAAAAAAAA5Q\/By89RJQvil4\/s1600\/identidad+de+euler.jpg\" width=\"240\" height=\"71\" border=\"0\"><\/p>\n\n\n<p><a rel=\"noreferrer noopener\" href=\"https:\/\/drive.google.com\/file\/d\/1_NsXTXECrlcPYSjUefjrgPl7UNgi9AtA\/view?usp=sharing\" target=\"_blank\">CHARLA INFORMATIVA PROFESORADO DE MATEM\u00c1TICA<\/a><\/p>\n\n\n<p><\/p>\n<p><span style=\"color: #000080; text-decoration: underline;\"><span style=\"font-family: arial,helvetica,sans-serif; font-size: 14pt;\"><strong>Blog de comunicaci\u00f3n: <\/strong><\/span><\/span>Blog de comunicaci\u00f3n: <a href=\"https:\/\/profesoradodematematica35.blogspot.com\/\">https:\/\/profesoradodematematica35.blogspot.com\/<\/a><\/p>\n<p><span style=\"color: #000080; text-decoration: underline;\"><span style=\"font-family: arial,helvetica,sans-serif; font-size: 14pt;\"><strong>Preceptor:<\/strong><\/span><\/span>Contacto de la carrera: <a href=\"mailto:santa.c.demate@gmail.com\">santa.c.demate@gmail.com<\/a><\/p>\n<p><span style=\"color: #000080; text-decoration: underline;\"><span style=\"font-family: arial,helvetica,sans-serif; font-size: 14pt;\"><strong>Preceptor:Horarios de cursada:<\/strong><\/span><\/span> Lunes a Viernes 17:30 a 22 hs. Pr\u00e1cticas en contraturno.<\/p>\n<p><span style=\"color: #000080; text-decoration: underline;\"><span style=\"font-family: arial,helvetica,sans-serif; font-size: 14pt;\"><strong>Duraci\u00f3n de la Carrera:<\/strong> &nbsp;<\/span><\/span><span style=\"font-family: arial,helvetica,sans-serif; font-size: 14pt;\">4 a\u00f1os&nbsp; &#8211; turno vespertino- &nbsp;Res. N\u00ba 13259\/99<\/span><\/p>\n<p><span style=\"color: #000080; text-decoration: underline;\"><span style=\"font-family: arial,helvetica,sans-serif; font-size: 14pt;\"><strong>Jefe de \u00c1rea: <\/strong><\/span><\/span><span style=\"font-family: arial,helvetica,sans-serif; font-size: 14pt;\">Profesora Croce, Mar\u00eda Esther<\/span><\/p>\n<p><span style=\"color: #000080; text-decoration: underline;\"><span style=\"font-family: arial,helvetica,sans-serif; font-size: 14pt;\"><strong>Preceptor: <\/strong><\/span><\/span><span style=\"font-family: arial,helvetica,sans-serif; font-size: 14pt;\">Profesor Gustavo Sandoval \/ Suplente: Norma Maciel<\/span><\/p>\n<p><span style=\"font-family: arial,helvetica,sans-serif;\"><span style=\"color: #000080; text-decoration: underline;\"><span style=\"font-family: arial,helvetica,sans-serif; font-size: 14pt;\"><strong>Objetivos de la Carrera:<\/strong><\/span><\/span><\/span><\/p>\n<p style=\"text-align: justify; padding-left: 30px;\"><span style=\"font-family: arial,helvetica,sans-serif; font-size: 14pt;\">Formar docentes que contribuyan activamente al mejoramiento de la ense\u00f1anza de la Matem\u00e1tica en el nivel secundario, entendiendo la ense\u00f1anza como un proceso complejo de m\u00faltiples dimensiones: epistemol\u00f3gicas, sociales, pol\u00edticas, pedag\u00f3gicas, psicol\u00f3gicas, culturales y \u00e9ticas, que configuran la problem\u00e1tica espec\u00edfica del proceso de ense\u00f1anza y aprendizaje.<\/span><\/p>\n<p style=\"text-align: justify; padding-left: 30px;\"><span style=\"font-family: arial,helvetica,sans-serif; font-size: 14pt;\">Formar docentes con capacidad para producir reflexiones cr\u00edticas sobre los procesos de ense\u00f1anza y de aprendizaje.<\/span><\/p>\n<p><span style=\"font-family: arial,helvetica,sans-serif; font-size: 14pt;\"> Formar profesionales con capacidad creativa, en condiciones de ofrecer e implementar propuestas novedosas e interesantes en un \u00e1rea de importancia central comola Matem\u00e1tica.<\/span><\/p>\n<p style=\"text-align: justify;\"><span style=\"color: #000080; text-decoration: underline;\"><span style=\"font-family: arial,helvetica,sans-serif; font-size: 14pt;\"><strong>Plan de estudios:<\/strong><\/span><\/span><\/p>\n<p style=\"text-align: justify; padding-left: 30px;\"><span style=\"font-size: 14pt; font-family: arial, helvetica, sans-serif;\">Durante el a\u00f1o 2013&nbsp; , previo al Cambio de Dise\u00f1o Curricular previsto para el a\u00f1o&nbsp; 2015, la carrera&nbsp; se estructura sobre la base de tres Campos de Formaci\u00f3n y un Eje Integrador:<\/span><\/p>\n<p style=\"text-align: justify; padding-left: 30px;\"><span style=\"font-size: 14pt; font-family: arial, helvetica, sans-serif;\">1.&nbsp;&nbsp;&nbsp; <em><strong>Campo de Formaci\u00f3n Orientada<\/strong>:<\/em> Su objetivo es brindar una s\u00f3lida formaci\u00f3n cient\u00edfica en el \u00e1rea de la Matem\u00e1tica para posibilitar una comprensi\u00f3n profunda de la misma y de otras disciplinas asociadas.<\/span><\/p>\n<p style=\"text-align: justify; padding-left: 30px;\"><span style=\"font-size: 14pt; font-family: arial, helvetica, sans-serif;\">2.&nbsp;&nbsp;&nbsp; <strong><em>Campo de Formaci\u00f3n Pedag\u00f3gica<\/em><\/strong>: Su objetivo es lograr que el estudiante adquiera conocimientos, habilidades y aptitudes necesarias para el ejercicio de la pr\u00e1ctica docente. En particular, brindar una formaci\u00f3n b\u00e1sica en los procesos de ense\u00f1anza y de aprendizaje, integrando conocimientos de distintas fuentes disciplinares.<\/span><\/p>\n<p style=\"text-align: justify; padding-left: 30px;\"><span style=\"font-size: 14pt; font-family: arial, helvetica, sans-serif;\">3.&nbsp;&nbsp;&nbsp; <em><strong>Campo de Formaci\u00f3n Especializada<\/strong>:<\/em> Su objetivo es la articulaci\u00f3n pedag\u00f3gica disciplinar como sustento del desempe\u00f1o de la actividad docente, adecuada a los requerimientos espec\u00edficos de cada nivel.<\/span><\/p>\n<p style=\"text-align: justify; padding-left: 30px;\"><span style=\"font-size: 14pt; font-family: arial, helvetica, sans-serif;\">4.&nbsp;&nbsp;&nbsp; <em><strong>Eje Integrador<\/strong>:<\/em> Su objetivo es insertar la problem\u00e1tica dela Pr\u00e1ctica dela Ense\u00f1anza desde el primer a\u00f1o de la carrera. Se desarrollan actividades que estimulan los procesos de generaci\u00f3n de pr\u00e1cticas educativas originales y la reflexi\u00f3n cr\u00edtica en torno al ejercicio de la docencia en Matem\u00e1tica integrando contenidos te\u00f3rico \u2013 pr\u00e1cticos de los tres campos de formaci\u00f3n.<\/span><\/p>\n<p style=\"text-align: justify;\"><span style=\"color: #000080; text-decoration: underline;\"><span style=\"font-family: arial,helvetica,sans-serif; font-size: 14pt;\"><strong>Incumbencias Profesionales<\/strong><\/span><\/span><\/p>\n<p style=\"text-align: justify; padding-left: 30px;\"><span style=\"font-size: 14pt; font-family: arial, helvetica, sans-serif;\">El Profesor en Matem\u00e1tica tiene competencia para: asesorar, planificar, conducir y evaluar los procesos de ense\u00f1anza y de aprendizaje en el \u00e1rea de la Matem\u00e1tica<\/span><\/p>\n<p style=\"text-align: justify; padding-left: 30px;\"><span style=\"font-size: 14pt; font-family: arial, helvetica, sans-serif;\">Son actividades habituales del Profesor en Matem\u00e1tica: <\/span><\/p>\n<p><span style=\"font-size: 14pt; font-family: arial, helvetica, sans-serif;\"> 1. Docencia en escuelas secundarias, de cualquier modalidad, incluyendo Educaci\u00f3n T\u00e9cnica<\/span><\/p>\n<p style=\"text-align: justify; padding-left: 30px;\"><span style=\"font-size: 14pt; font-family: arial, helvetica, sans-serif;\">2. Perfeccionamiento docente a nivel Secundario<\/span><\/p>\n<p style=\"text-align: justify; padding-left: 30px;\"><span style=\"font-size: 14pt; font-family: arial, helvetica, sans-serif;\">3. Integraci\u00f3n de equipos de investigaci\u00f3n, principalmente en Educaci\u00f3n Matem\u00e1tica.&nbsp;<\/span><\/p>\n<p><a href=\"https:\/\/isfdyt35-bue.infd.edu.ar\/sitio\/wp-content\/uploads\/2021\/11\/DISENO-CURRICULAR-PROFESORADO-DE-MATEMATICA.pdf\">DISE\u00d1O CURRICULAR PROFESORADO DE MATEM\u00c1TICA<\/a><\/p>\n<p><a href=\"https:\/\/isfdyt35-bue.infd.edu.ar\/sitio\/wp-content\/uploads\/2021\/11\/ANEXO-PROPUESTA-CURRICULAR-PROFESORADO-DE-MATEMATICA.pdf\" target=\"_blank\" rel=\"noopener\">CUADRO MATERIAS POR A\u00d1O<\/a><\/p>\n<h3>&nbsp;<\/h3>","protected":false},"excerpt":{"rendered":"<p>CHARLA INFORMATIVA PROFESORADO DE MATEM\u00c1TICA Blog de comunicaci\u00f3n: Blog de comunicaci\u00f3n: https:\/\/profesoradodematematica35.blogspot.com\/ Preceptor:Contacto de la carrera: santa.c.demate@gmail.com Preceptor:Horarios de cursada: Lunes a Viernes 17:30 a 22 hs. Pr\u00e1cticas en contraturno. Duraci\u00f3n de la Carrera: &nbsp;4 a\u00f1os&nbsp; &#8211; turno vespertino- &nbsp;Res. N\u00ba 13259\/99 Jefe de \u00c1rea: Profesora Croce, Mar\u00eda Esther Preceptor: Profesor Gustavo Sandoval \/ Suplente: &#8230; <a title=\"PROFESORADO EN MATEM\u00c1TICA\" class=\"read-more\" href=\"https:\/\/isfdyt35-bue.infd.edu.ar\/sitio\/profesorado-en-matematica\/\" aria-label=\"More on PROFESORADO EN MATEM\u00c1TICA\">[+]<\/a><\/p>\n","protected":false},"author":4004,"featured_media":0,"parent":0,"menu_order":0,"comment_status":"closed","ping_status":"closed","template":"","meta":[],"acf":[],"_links":{"self":[{"href":"https:\/\/isfdyt35-bue.infd.edu.ar\/sitio\/wp-json\/wp\/v2\/pages\/1023"}],"collection":[{"href":"https:\/\/isfdyt35-bue.infd.edu.ar\/sitio\/wp-json\/wp\/v2\/pages"}],"about":[{"href":"https:\/\/isfdyt35-bue.infd.edu.ar\/sitio\/wp-json\/wp\/v2\/types\/page"}],"author":[{"embeddable":true,"href":"https:\/\/isfdyt35-bue.infd.edu.ar\/sitio\/wp-json\/wp\/v2\/users\/4004"}],"replies":[{"embeddable":true,"href":"https:\/\/isfdyt35-bue.infd.edu.ar\/sitio\/wp-json\/wp\/v2\/comments?post=1023"}],"version-history":[{"count":15,"href":"https:\/\/isfdyt35-bue.infd.edu.ar\/sitio\/wp-json\/wp\/v2\/pages\/1023\/revisions"}],"predecessor-version":[{"id":8314,"href":"https:\/\/isfdyt35-bue.infd.edu.ar\/sitio\/wp-json\/wp\/v2\/pages\/1023\/revisions\/8314"}],"wp:attachment":[{"href":"https:\/\/isfdyt35-bue.infd.edu.ar\/sitio\/wp-json\/wp\/v2\/media?parent=1023"}],"curies":[{"name":"wp","href":"https:\/\/api.w.org\/{rel}","templated":true}]}}