{"id":1025,"date":"2018-07-02T19:13:34","date_gmt":"2018-07-02T22:13:34","guid":{"rendered":"https:\/\/isfdyt35-bue.infd.edu.ar\/sitio\/profesorado-en-lengua-y-literatura\/"},"modified":"2024-12-18T21:05:31","modified_gmt":"2024-12-19T00:05:31","slug":"profesorado-en-lengua-y-literatura","status":"publish","type":"page","link":"https:\/\/isfdyt35-bue.infd.edu.ar\/sitio\/profesorado-en-lengua-y-literatura\/","title":{"rendered":"PROFESORADO EN LENGUA Y LITERATURA"},"content":{"rendered":"<h4><a href=\"https:\/\/isfdyt35-bue.infd.edu.ar\/sitio\/r-a-m-regimen-academico-marco\/\">R. A. M. (R\u00c9GIMEN ACAD\u00c9MICO MARCO) \u2013 I.S.F.D. y T. N\u00b0 35 \u00abProf. Vicente D&#8217;Abramo\u00bb<\/a><\/h4>\n<h4><strong><a href=\"https:\/\/drive.google.com\/file\/d\/1Doo5jpUBmbV5fFNqMwXUBHOZhSvAJCAO\/view?usp=sharing\" target=\"_blank\" rel=\"noopener\">CHARLA INFORMATIVA PROFESORADO DE LENGUA Y LITERATURA<\/a><\/strong><\/h4>\n<p>\u00a0<\/p>\n<p><strong>Horarios de Cursada<\/strong>: Lunes a viernes 17:30 a 22 hs, Pr\u00e1cticas en contraturno.-<\/p>\n<p><strong>Jefe de \u00c1rea:<\/strong> Licenciado Adalberto Gh\u00edo<\/p>\n<p><span style=\"font-size: inherit;\"><strong>PRECEPTOR:<\/strong> Profesor Roberto Bisso<\/span><\/p>\n<div><strong>Contacto de la carrera:<\/strong> \u00a0<a href=\"mailto:rjbisso@gmail.com\">rjbisso@gmail.com<\/a><\/div>\n<p><span style=\"color: #333399;\"><strong>Blog de la Carrera:<\/strong> <a href=\"https:\/\/lylisfd35.wordpress.com\/\">https:\/\/lylisfd35.wordpress.com\/<\/a> \u00a0<\/span><\/p>\n<p><strong>Perfil del Profesor en Lengua y Literatura:<\/strong><\/p>\n<p style=\"text-align: justify; padding-left: 30px;\"><span style=\"color: #000000; font-family: arial,helvetica,sans-serif; font-size: 14pt;\">El t\u00edtulo de Profesor en Lengua y Literatura habilita para realizar asesoramiento y planificaci\u00f3n en todo lo relacionado con la ense\u00f1anza de la lengua espa\u00f1ola y la literatura nacional, continental y europea. La docencia en los niveles de la educaci\u00f3n secundaria constituye el campo profesional fundamental, lo que no excluye la cr\u00edtica literaria.<\/span><\/p>\n<p style=\"text-align: justify; padding-left: 30px;\"><span style=\"color: #000000; font-family: arial,helvetica,sans-serif; font-size: 14pt;\">El Profesor en Lengua y Literatura est\u00e1 capacitado para realizar actividades dentro del \u00e1mbito de la investigaci\u00f3n educativa en los campos literario y ling\u00fc\u00edstico. Tambi\u00e9n puede integrar equipos responsables de la producci\u00f3n y programaci\u00f3n de medios masivos de comunicaci\u00f3n, en temas vinculados con la lengua y la literatura y su tratamiento escolar. Adem\u00e1s, puede desempe\u00f1arse en actividades de distinta \u00edndole en editoriales, como preparaci\u00f3n de textos escolares, direcci\u00f3n de colecciones, etc.<\/span><\/p>\n<p><a href=\"https:\/\/isfdyt35-bue.infd.edu.ar\/sitio\/wp-content\/uploads\/2021\/11\/DISENO-CURRICULAR-PROFESORADO-EN-LENGUA-Y-LITERATURA.pdf\">DISE\u00d1O CURRICULAR PROFESORADO EN LENGUA Y LITERATURA<\/a><\/p>\n<p><a href=\"https:\/\/isfdyt35-bue.infd.edu.ar\/sitio\/wp-content\/uploads\/2021\/11\/ANEXO-PROPUESTA-CURRICULAR-PROFESORADO-DE-LENGUA-Y-LITERATURA.pdf\" target=\"_blank\" rel=\"noopener\">CUADRO MATERIAS POR A\u00d1O<\/a><\/p>\n<p><span style=\"color: #333399;\">\u00a0<\/span><\/p>\n<p><span style=\"color: #333399;\">\u00a0<\/span><\/p>\n<p><span style=\"color: #333399;\">\u00a0<\/span><\/p>\n<p><span style=\"color: #333399;\">\u00a0<\/span><\/p>\n<p><span style=\"color: #cc6600; font-family: Arial; font-size: medium;\"><span style=\"color: #cc6600; font-family: Arial; font-size: medium;\"><span style=\"color: #cc6600; font-family: Arial; font-size: medium;\"><span style=\"font-family: helvetica; font-size: xx-small;\">\u00a0<\/span><\/span><\/span><\/span><\/p>\n\n\n<p><\/p>\n","protected":false},"excerpt":{"rendered":"<p>R. A. M. (R\u00c9GIMEN ACAD\u00c9MICO MARCO) \u2013 I.S.F.D. y T. N\u00b0 35 \u00abProf. Vicente D&#8217;Abramo\u00bb CHARLA INFORMATIVA PROFESORADO DE LENGUA Y LITERATURA \u00a0 Horarios de Cursada: Lunes a viernes 17:30 a 22 hs, Pr\u00e1cticas en contraturno.- Jefe de \u00c1rea: Licenciado Adalberto Gh\u00edo PRECEPTOR: Profesor Roberto Bisso Contacto de la carrera: \u00a0rjbisso@gmail.com Blog de la Carrera: &#8230; <a title=\"PROFESORADO EN LENGUA Y LITERATURA\" class=\"read-more\" href=\"https:\/\/isfdyt35-bue.infd.edu.ar\/sitio\/profesorado-en-lengua-y-literatura\/\" aria-label=\"More on PROFESORADO EN LENGUA Y LITERATURA\">[+]<\/a><\/p>\n","protected":false},"author":4004,"featured_media":0,"parent":0,"menu_order":0,"comment_status":"closed","ping_status":"closed","template":"","meta":[],"acf":[],"_links":{"self":[{"href":"https:\/\/isfdyt35-bue.infd.edu.ar\/sitio\/wp-json\/wp\/v2\/pages\/1025"}],"collection":[{"href":"https:\/\/isfdyt35-bue.infd.edu.ar\/sitio\/wp-json\/wp\/v2\/pages"}],"about":[{"href":"https:\/\/isfdyt35-bue.infd.edu.ar\/sitio\/wp-json\/wp\/v2\/types\/page"}],"author":[{"embeddable":true,"href":"https:\/\/isfdyt35-bue.infd.edu.ar\/sitio\/wp-json\/wp\/v2\/users\/4004"}],"replies":[{"embeddable":true,"href":"https:\/\/isfdyt35-bue.infd.edu.ar\/sitio\/wp-json\/wp\/v2\/comments?post=1025"}],"version-history":[{"count":23,"href":"https:\/\/isfdyt35-bue.infd.edu.ar\/sitio\/wp-json\/wp\/v2\/pages\/1025\/revisions"}],"predecessor-version":[{"id":8312,"href":"https:\/\/isfdyt35-bue.infd.edu.ar\/sitio\/wp-json\/wp\/v2\/pages\/1025\/revisions\/8312"}],"wp:attachment":[{"href":"https:\/\/isfdyt35-bue.infd.edu.ar\/sitio\/wp-json\/wp\/v2\/media?parent=1025"}],"curies":[{"name":"wp","href":"https:\/\/api.w.org\/{rel}","templated":true}]}}