{"id":1027,"date":"2018-07-02T19:13:34","date_gmt":"2018-07-02T22:13:34","guid":{"rendered":"https:\/\/isfdyt35-bue.infd.edu.ar\/sitio\/profesorado-de-ingles\/"},"modified":"2025-06-04T17:04:21","modified_gmt":"2025-06-04T20:04:21","slug":"profesorado-de-ingles","status":"publish","type":"page","link":"https:\/\/isfdyt35-bue.infd.edu.ar\/sitio\/profesorado-de-ingles\/","title":{"rendered":"PROFESORADO DE INGL\u00c9S"},"content":{"rendered":"\n<p class=\"has-text-align-center has-x-large-font-size\"><a href=\"https:\/\/isfdyt35.opac.ar\/\" target=\"_blank\" rel=\"noreferrer noopener\">CAT\u00c1LOGO DE LA BIBLIOTECA DEL ISFDyT 35<\/a><\/p>\n\n\n\n<p><a href=\"https:\/\/isfdyt35-bue.infd.edu.ar\/sitio\/r-a-m-regimen-academico-marco\/\">R. A. M. (R\u00c9GIMEN ACAD\u00c9MICO MARCO) \u2013 I.S.F.D. y T. N\u00b0 35 \u00abProf. Vicente D&#8217;Abramo\u00bb<\/a><\/p>\n\n\n\n<h1 class=\"wp-block-heading has-text-align-left has-normal-font-size\"><strong> <strong>Aqu\u00ed en<\/strong> <\/strong><img decoding=\"async\" loading=\"lazy\" width=\"69\" height=\"43\" class=\"wp-image-3877\" style=\"width: 40px;\" src=\"https:\/\/isfdyt35-bue.infd.edu.ar\/sitio\/wp-content\/uploads\/2021\/12\/mano-a-la-derech-chico-1.jpg\" alt=\"\"><strong><a href=\"https:\/\/ingles-ingresoycares.blogspot.com\/2020\/12\/interesting-videos.html\">ESTE BLOG<\/a><\/strong><img decoding=\"async\" loading=\"lazy\" width=\"69\" height=\"43\" class=\"wp-image-3878\" style=\"width: 40px;\" src=\"https:\/\/isfdyt35-bue.infd.edu.ar\/sitio\/wp-content\/uploads\/2021\/12\/mano-a-la-izqu-chico.jpg\" alt=\"\"><strong> te encontrar\u00e1s con diversos<\/strong> <strong>materiales y videos para prepararte para el examen de Nivelaci\u00f3n.<\/strong><\/h1>\n\n\n\n<p><a rel=\"noreferrer noopener\" href=\"https:\/\/drive.google.com\/file\/d\/1vY0d0KQqVLfoTusX12pf3vgt0pB7kK56\/view?usp=sharing\" target=\"_blank\">CHARLA INFORMATIVA PROFESORADO DE INGL\u00c9S<\/a><\/p>\n\n\n\n<figure class=\"wp-block-pullquote has-border-color has-vivid-cyan-blue-color has-text-color\" style=\"border-color:#0693e3\"><blockquote><p><strong> Bienvenidos <\/strong><\/p><\/blockquote><\/figure>\n\n\n\n<p class=\"has-medium-font-size\"><strong><span style=\"color:#0a597b\" class=\"has-inline-color\">Informaci\u00f3n sobre nuestra carrera<\/span><\/strong><\/p>\n\n\n\n<p><span style=\"color: #000080; text-decoration: underline; font-family: arial, helvetica, sans-serif;\"><span style=\"font-size: 14pt;\"><strong>Duraci\u00f3n:<\/strong> <\/span><\/span><span style=\"font-size: 14pt; font-family: arial, helvetica, sans-serif;\">4 a\u00f1os &#8211; Turno ma\u00f1ana&nbsp; Res. N\u00ba 1860\/17&nbsp; Plan del dise\u00f1o curricular actual<\/span><\/p>\n\n\n\n<p><span style=\"color: #000080; text-decoration: underline; font-family: arial, helvetica, sans-serif;\"><span style=\"font-size: 14pt;\"><strong>Jefe de \u00c1rea: <\/strong><\/span><\/span><span style=\"font-size: 14pt; font-family: arial, helvetica, sans-serif;\">Lic. Casareski,&nbsp;&nbsp;Andrea<\/span><\/p>\n\n\n\n<p><span style=\"color: #000080; text-decoration: underline; font-family: arial, helvetica, sans-serif;\"><span style=\"font-size: 14pt;\"><strong>Preceptora: <\/strong><\/span><\/span><span style=\"font-size: 14pt; font-family: arial, helvetica, sans-serif;\">Prof. Gloria Awamori<\/span><\/p>\n\n\n\n<p><span style=\"color: #000080;\"><strong>Horarios de cursada:<\/strong> <\/span>Lunes a viernes de 8 a 12 hs., pr\u00e1cticas en contraturno&gt;&gt; 1er a\u00f1o: viernes 13 a 16 hs.<\/p>\n\n\n\n<p>&nbsp; &nbsp; &nbsp; &nbsp; &nbsp; &nbsp; &nbsp; &nbsp; &nbsp; &nbsp; &nbsp; &nbsp; &nbsp; &nbsp; &nbsp; &nbsp; &nbsp; &nbsp; &nbsp; &nbsp; <span style=\"color: #000080;\"><strong>CUFBA<\/strong><\/span> (<strong>C<\/strong>urso <strong>\u00da<\/strong>nico de <strong>F<\/strong>ormaci\u00f3n <strong>B<\/strong>\u00e1sica): Martes y S\u00e1bados de 8 a 12 hs.<\/p>\n\n\n\n<p>Correo electr\u00f3nico de contacto de la carrera: profesoradodeinglesisfd35@gmail.com<\/p>\n\n\n\n<ul>\n<li><span style=\"font-family: arial,helvetica,sans-serif; font-size: 14pt;\"><em>Duraci\u00f3n<\/em>: 4 a\u00f1os<\/span><\/li>\n\n\n\n<li><span style=\"font-family: arial,helvetica,sans-serif; font-size: 14pt;\"><em>Turnos de cursada:<\/em> matutino, con pr\u00e1cticas en contra turno.<\/span><\/li>\n\n\n\n<li><span style=\"font-family: arial,helvetica,sans-serif; font-size: 14pt;\"><em>Dictado de materias:<\/em> anual<\/span><\/li>\n\n\n\n<li><span style=\"font-family: arial,helvetica,sans-serif; font-size: 14pt;\"><em>Ingreso:<\/em> Irrestricto, con <a href=\"https:\/\/ingles-ingresoycares.blogspot.com\/2020\/12\/interesting-videos.html\" target=\"_blank\" rel=\"noreferrer noopener\">Blog introductorio<\/a> de apoyo<\/span><\/li>\n\n\n\n<li><span style=\"font-family: arial,helvetica,sans-serif; font-size: 14pt;\"><strong><em>CURSO DE FORMACI\u00d3N B\u00c1SICA<\/em><\/strong>, para aspirantes que no acrediten saberes m\u00ednimos en la prueba de suficiencia.<\/span><\/li>\n<\/ul>\n\n\n\n<p><span style=\"font-family: arial, helvetica, sans-serif; color: #000080;\">&nbsp;<span style=\"text-decoration: underline;\"><span style=\"font-size: 14pt;\"><strong>Objetivos de la Carrera<\/strong><\/span><\/span><\/span><\/p>\n\n\n\n<p><span style=\"font-family: arial, helvetica, sans-serif;\">&nbsp;<\/span><span style=\"font-family: arial, helvetica, sans-serif;\"><span style=\"font-size: 14pt;\">La Formaci\u00f3n de Profesores de Ingl\u00e9s propuesta en este dise\u00f1o parte de una visi\u00f3n totalizadora de la Lengua, sin fragmentaciones disciplinares. A efectos de la organizaci\u00f3n de los contenidos, se han considerado tres perspectivas espec\u00edficas:<\/span><span style=\"font-size: 14pt;\">&nbsp;<\/span><\/span><\/p>\n\n\n\n<p><span style=\"font-family: arial, helvetica, sans-serif;\"><span style=\"font-size: 14pt;\">\u2022 Pr\u00e1cticas Discursivas de la Comunicaci\u00f3n Oral. En esta Perspectiva se incluyen contenidos de Fon\u00e9tica y Laboratorio, integradas a Lengua a fin de hacer en la Lengua Extranjera y con ella.&nbsp;<\/span><\/span><\/p>\n\n\n\n<p><span style=\"font-family: arial, helvetica, sans-serif;\"><span style=\"font-size: 14pt;\">\u2022 Pr\u00e1cticas Discursivas de la Comunicaci\u00f3n Escrita. Esta Perspectiva se propone sistematizar la lengua mediante la Gram\u00e1tica, transform\u00e1ndola tanto en instrumento como en objeto de estudio.&nbsp;<\/span><\/span><\/p>\n\n\n\n<p><span style=\"font-family: arial,helvetica,sans-serif; font-size: 14pt;\">\u2022 Estudios Interculturales y Talleres obligatorios Incluyen los contenidos que hacen a la dimensi\u00f3n hist\u00f3rica y cultural de la Lengua. Esta se asume como medio de estudio, v\u00eda de acceso a la cultura y como instrumento de an\u00e1lisis y de expresi\u00f3n, tendiendo a la integraci\u00f3n de las Pr\u00e1cticas Discursivas de la comunicaci\u00f3n Oral y Escrita.<\/span><\/p>\n\n\n\n<p><span style=\"font-family: arial,helvetica,sans-serif; font-size: 14pt;\">&nbsp;El desarrollo de las competencias correspondientes a cada Perspectiva, conducir\u00e1 al logro de la actuaci\u00f3n comunicativa eficiente, es decir, la utilizaci\u00f3n adecuada de los distintos c\u00f3digos, ling\u00fc\u00edsticos y no ling\u00fc\u00edsticos, en contextos comunicativos variados y con distintos grados de formalizaci\u00f3n o planificaci\u00f3n, en producciones orales o escritas. <\/span><\/p>\n\n\n\n<p><span style=\"text-decoration: underline; font-family: arial, helvetica, sans-serif; color: #000080;\"><span style=\"font-size: 14pt; text-decoration: underline;\"><strong>Curso de Formaci\u00f3n B\u00e1sica <\/strong><\/span><\/span><\/p>\n\n\n\n<p><span style=\"font-family: arial, helvetica, sans-serif;\"><span style=\"font-size: 14pt;\">A fin de posibilitar la adquisici\u00f3n de las competencias requeridas para el ingreso en la Carrera, se desarrollar\u00e1 un Curso de Formaci\u00f3n B\u00e1sica previsto con la duraci\u00f3n de un Ciclo Lectivo de treinta y dos (32) semanas y con una carga horaria de ocho (8) horas reloj semanales. Podr\u00e1n incorporarse en este Curso aquellos aspirantes que hayan completado el Nivel de Educaci\u00f3n Secundaria o alumnos cursantes del \u00faltimo a\u00f1o de dichos Niveles.<\/span><\/span><span style=\"font-family: arial,helvetica,sans-serif; font-size: 14pt;\">&nbsp;<\/span><\/p>\n\n\n\n<p><span style=\"color: #000080; font-family: arial, helvetica, sans-serif; font-size: 14pt;\"><strong><span style=\"text-decoration: underline;\">Prueba de Formaci\u00f3n B\u00e1sica:<\/span> <\/strong><\/span><\/p>\n\n\n\n<p><span style=\"font-family: arial, helvetica, sans-serif;\"><span style=\"font-size: 14pt;\">Todos los aspirantes ser\u00e1n evaluados en el mes de febrero\/mazo. Aquellos que acreditaren las competencias de la Formaci\u00f3n B\u00e1sica a trav\u00e9s de dichas pruebas evaluativas de Nivel, ingresar\u00e1n directamente en la Carrera. &nbsp;Dicha prueba evaluar\u00e1 las competencias ling\u00fc\u00edsticas y tendr\u00e1 en cuenta las siguientes expectativas:<\/span><span style=\"font-size: 14pt;\">&nbsp;<\/span><\/span><\/p>\n\n\n\n<p><span style=\"font-family: arial, helvetica, sans-serif;\"><span style=\"font-size: 14pt;\">\u2022 Comprensi\u00f3n de un texto escrito desconocido, rese\u00f1ando sus ideas principales.<\/span><span style=\"font-size: 14pt;\">&nbsp;<\/span><\/span><\/p>\n\n\n\n<p><span style=\"font-family: arial, helvetica, sans-serif;\"><span style=\"font-size: 14pt;\">\u2022 Comprensi\u00f3n de un texto oral desconocido, rese\u00f1ando sus ideas principales.<\/span><span style=\"font-size: 14pt;\">&nbsp;<\/span><\/span><\/p>\n\n\n\n<p><span style=\"font-family: arial, helvetica, sans-serif;\"><span style=\"font-size: 14pt;\">\u2022 Redacci\u00f3n de una carta breve e informal o narraci\u00f3n sobre un tema asignado, desarrollado con coherencia y en respuesta al prop\u00f3sito del texto.<\/span><span style=\"font-size: 14pt;\">&nbsp;<\/span><\/span><\/p>\n\n\n\n<p><span style=\"font-family: arial, helvetica, sans-serif;\"><span style=\"font-size: 14pt;\">\u2022 Comentario sobre un texto le\u00eddo con anterioridad.<\/span><span style=\"font-size: 14pt;\">&nbsp;<\/span><\/span><\/p>\n\n\n\n<p><span style=\"font-family: arial, helvetica, sans-serif;\"><span style=\"font-size: 14pt;\">\u2022 Respuesta al discurso imprevisible de un interlocutor sobre temas de la vida cotidiana.<\/span><span style=\"font-size: 14pt;\">&nbsp;<\/span><\/span><\/p>\n\n\n\n<p><span style=\"font-family: arial,helvetica,sans-serif; font-size: 14pt;\">\u2022 Conversaci\u00f3n fluida con aproximaci\u00f3n a la correcci\u00f3n fon\u00e9tica, l\u00e9xica y gramatical y con adecuaci\u00f3n al contexto. <strong>&nbsp;<\/strong><\/span><\/p>\n\n\n\n<p>&nbsp;<a rel=\"noopener\" href=\"https:\/\/isfdyt35-bue.infd.edu.ar\/sitio\/wp-content\/uploads\/2019\/11\/anexo_disen_o_ingles.pdf\" target=\"_blank\">DISE\u00d1O CURRICULAR DE IGL\u00c9S<\/a><\/p>\n\n\n\n<h6 class=\"wp-block-heading\"><a rel=\"noopener\" href=\"https:\/\/isfdyt35-bue.infd.edu.ar\/sitio\/wp-content\/uploads\/2019\/11\/anexo_ingles_caja_curricular.pdf\" target=\"_blank\">CUADRO MATERIAS POR A\u00d1O<\/a><\/h6>\n\n\n\n<p><\/p>\n","protected":false},"excerpt":{"rendered":"<p>CAT\u00c1LOGO DE LA BIBLIOTECA DEL ISFDyT 35 R. A. M. (R\u00c9GIMEN ACAD\u00c9MICO MARCO) \u2013 I.S.F.D. y T. N\u00b0 35 \u00abProf. Vicente D&#8217;Abramo\u00bb Aqu\u00ed en ESTE BLOG te encontrar\u00e1s con diversos materiales y videos para prepararte para el examen de Nivelaci\u00f3n. CHARLA INFORMATIVA PROFESORADO DE INGL\u00c9S Bienvenidos Informaci\u00f3n sobre nuestra carrera Duraci\u00f3n: 4 a\u00f1os &#8211; Turno &#8230; <a title=\"PROFESORADO DE INGL\u00c9S\" class=\"read-more\" href=\"https:\/\/isfdyt35-bue.infd.edu.ar\/sitio\/profesorado-de-ingles\/\" aria-label=\"More on PROFESORADO DE INGL\u00c9S\">[+]<\/a><\/p>\n","protected":false},"author":5469,"featured_media":5597,"parent":0,"menu_order":0,"comment_status":"closed","ping_status":"closed","template":"","meta":[],"acf":[],"_links":{"self":[{"href":"https:\/\/isfdyt35-bue.infd.edu.ar\/sitio\/wp-json\/wp\/v2\/pages\/1027"}],"collection":[{"href":"https:\/\/isfdyt35-bue.infd.edu.ar\/sitio\/wp-json\/wp\/v2\/pages"}],"about":[{"href":"https:\/\/isfdyt35-bue.infd.edu.ar\/sitio\/wp-json\/wp\/v2\/types\/page"}],"author":[{"embeddable":true,"href":"https:\/\/isfdyt35-bue.infd.edu.ar\/sitio\/wp-json\/wp\/v2\/users\/5469"}],"replies":[{"embeddable":true,"href":"https:\/\/isfdyt35-bue.infd.edu.ar\/sitio\/wp-json\/wp\/v2\/comments?post=1027"}],"version-history":[{"count":46,"href":"https:\/\/isfdyt35-bue.infd.edu.ar\/sitio\/wp-json\/wp\/v2\/pages\/1027\/revisions"}],"predecessor-version":[{"id":8716,"href":"https:\/\/isfdyt35-bue.infd.edu.ar\/sitio\/wp-json\/wp\/v2\/pages\/1027\/revisions\/8716"}],"wp:featuredmedia":[{"embeddable":true,"href":"https:\/\/isfdyt35-bue.infd.edu.ar\/sitio\/wp-json\/wp\/v2\/media\/5597"}],"wp:attachment":[{"href":"https:\/\/isfdyt35-bue.infd.edu.ar\/sitio\/wp-json\/wp\/v2\/media?parent=1027"}],"curies":[{"name":"wp","href":"https:\/\/api.w.org\/{rel}","templated":true}]}}