{"id":1029,"date":"2018-07-02T19:13:35","date_gmt":"2018-07-02T22:13:35","guid":{"rendered":"https:\/\/isfdyt35-bue.infd.edu.ar\/sitio\/profesorado-de-educacion-primaria\/"},"modified":"2024-12-18T21:02:38","modified_gmt":"2024-12-19T00:02:38","slug":"profesorado-de-educacion-primaria","status":"publish","type":"page","link":"https:\/\/isfdyt35-bue.infd.edu.ar\/sitio\/profesorado-de-educacion-primaria\/","title":{"rendered":"PROFESORADO DE EDUCACI\u00d3N PRIMARIA"},"content":{"rendered":"\n<p><a href=\"https:\/\/isfdyt35-bue.infd.edu.ar\/sitio\/r-a-m-regimen-academico-marco\/\">R. A. M. (R\u00c9GIMEN ACAD\u00c9MICO MARCO) \u2013 I.S.F.D. y T. N\u00b0 35 \u00abProf. Vicente D&#8217;Abramo\u00bb<\/a><\/p>\n\n\n\n<p><\/p>\n\n\n\n<p><\/p>\n\n\n\n<p><a rel=\"noreferrer noopener\" href=\"https:\/\/drive.google.com\/file\/d\/1UxIr3ga-vxqoDZoQwfwtprJkrjRU39qM\/view?usp=sharing\" target=\"_blank\">CHARLA INFORMATIVA PROFESORADO DE EDUCACI\u00d3N PRIMARIA<\/a><\/p>\n\n\n<p><\/p>\n<p><span style=\"font-family: arial,helvetica,sans-serif; font-size: 14pt;\">Duraci\u00f3n de la Carrera: 4 a\u00f1os (turnos: ma\u00f1ana, tarde y vespertino)<\/span><\/p>\n<p>Horarios de cursada:<\/p>\n<ul>\n<li>TURNO MA\u00d1ANA:Lunes a viernes de 8 a 12 hs., pr\u00e1cticas a la tarde.<\/li>\n<li>TURNO TARDE: Lunes a viernes de 13 A 17 hs., pr\u00e1cticas a la ma\u00f1ana.<\/li>\n<li>TURNO VESPERTINO:&nbsp; Lunes a viernes de 17:30 a 21:30 hs., pr\u00e1cticas a la ma\u00f1ana o a la tarde.<\/li>\n<\/ul>\n<p><span style=\"font-family: arial,helvetica,sans-serif; font-size: 14pt;\"><strong><span style=\"color: #000080; text-decoration: underline;\">Jefe de \u00c1rea:&nbsp; Andino Natacha<\/span><\/strong><\/span><\/p>\n<p><span style=\"color: #000080; text-decoration: underline;\"><span style=\"font-family: arial,helvetica,sans-serif; font-size: 14pt;\"><strong>Preceptores:<\/strong><\/span><\/span><\/p>\n<ul>\n<li><span style=\"font-family: arial,helvetica,sans-serif; font-size: 14pt;\">Turno Ma\u00f1ana : Profesor H\u00e9ctor C\u00f3ceres &#8211; contacto de la carrera:<\/span>prof.edu.primaria.tm35@gmail.com<\/li>\n<li><span style=\"font-family: arial,helvetica,sans-serif; font-size: 14pt;\">Turno Tarde: Profesor H\u00e9ctor C\u00f3ceres &#8211; contacto de la carrera: turnotardeprimaria@gmail.com<\/span><\/li>\n<li><span style=\"font-family: arial,helvetica,sans-serif; font-size: 14pt;\">Turno vespertino: Profesora Ester Conde &#8211; contacto: pepvespertino35@gmail.com<\/span><\/li>\n<\/ul>\n<p><strong><span style=\"text-decoration: underline;\"><span style=\"font-family: arial,helvetica,sans-serif; font-size: 14pt;\">PLAN DE LA CARRERA y correlatividades<\/span><\/span><\/strong><\/p>\n<p><a href=\"https:\/\/isfdyt35-bue.infd.edu.ar\/sitio\/wp-content\/uploads\/2021\/11\/DISENO-CURRICULAR-INICIAL-Y-PRIMARIA.pdf\">DISE\u00d1O CURRICULAR INICIAL Y PRIMARIA<\/a><\/p>\n<p><a href=\"https:\/\/isfdyt35-bue.infd.edu.ar\/sitio\/wp-content\/uploads\/2021\/11\/ANEXO-PROPUESTA-CURRICULAR-PROFESORADO-DE-EDUCACION-PRIMARIA.docx\" target=\"_blank\" rel=\"noopener\">CUADRO MATERIAS POR A\u00d1O<\/a><\/p>\n<p><\/p>\n\n\n<p><\/p>\n","protected":false},"excerpt":{"rendered":"<p>R. A. M. (R\u00c9GIMEN ACAD\u00c9MICO MARCO) \u2013 I.S.F.D. y T. N\u00b0 35 \u00abProf. Vicente D&#8217;Abramo\u00bb CHARLA INFORMATIVA PROFESORADO DE EDUCACI\u00d3N PRIMARIA Duraci\u00f3n de la Carrera: 4 a\u00f1os (turnos: ma\u00f1ana, tarde y vespertino) Horarios de cursada: TURNO MA\u00d1ANA:Lunes a viernes de 8 a 12 hs., pr\u00e1cticas a la tarde. TURNO TARDE: Lunes a viernes de 13 &#8230; <a title=\"PROFESORADO DE EDUCACI\u00d3N PRIMARIA\" class=\"read-more\" href=\"https:\/\/isfdyt35-bue.infd.edu.ar\/sitio\/profesorado-de-educacion-primaria\/\" aria-label=\"More on PROFESORADO DE EDUCACI\u00d3N PRIMARIA\">[+]<\/a><\/p>\n","protected":false},"author":4004,"featured_media":0,"parent":0,"menu_order":0,"comment_status":"closed","ping_status":"closed","template":"","meta":[],"acf":[],"_links":{"self":[{"href":"https:\/\/isfdyt35-bue.infd.edu.ar\/sitio\/wp-json\/wp\/v2\/pages\/1029"}],"collection":[{"href":"https:\/\/isfdyt35-bue.infd.edu.ar\/sitio\/wp-json\/wp\/v2\/pages"}],"about":[{"href":"https:\/\/isfdyt35-bue.infd.edu.ar\/sitio\/wp-json\/wp\/v2\/types\/page"}],"author":[{"embeddable":true,"href":"https:\/\/isfdyt35-bue.infd.edu.ar\/sitio\/wp-json\/wp\/v2\/users\/4004"}],"replies":[{"embeddable":true,"href":"https:\/\/isfdyt35-bue.infd.edu.ar\/sitio\/wp-json\/wp\/v2\/comments?post=1029"}],"version-history":[{"count":34,"href":"https:\/\/isfdyt35-bue.infd.edu.ar\/sitio\/wp-json\/wp\/v2\/pages\/1029\/revisions"}],"predecessor-version":[{"id":8310,"href":"https:\/\/isfdyt35-bue.infd.edu.ar\/sitio\/wp-json\/wp\/v2\/pages\/1029\/revisions\/8310"}],"wp:attachment":[{"href":"https:\/\/isfdyt35-bue.infd.edu.ar\/sitio\/wp-json\/wp\/v2\/media?parent=1029"}],"curies":[{"name":"wp","href":"https:\/\/api.w.org\/{rel}","templated":true}]}}