{"id":1039,"date":"2018-07-02T19:13:38","date_gmt":"2018-07-02T22:13:38","guid":{"rendered":"https:\/\/isfdyt35-bue.infd.edu.ar\/sitio\/bibliotecario-de-instituciones-educativasbie\/"},"modified":"2025-03-13T09:14:12","modified_gmt":"2025-03-13T12:14:12","slug":"bibliotecario-de-instituciones-educativasbie","status":"publish","type":"page","link":"https:\/\/isfdyt35-bue.infd.edu.ar\/sitio\/bibliotecario-de-instituciones-educativasbie\/","title":{"rendered":"TECNICATURA SUPERIOR EN BIBLIOTECOLOG\u00cdA DE  INSTITUCIONES EDUCATIVAS(BIE)"},"content":{"rendered":"\n<p><a href=\"https:\/\/isfdyt35-bue.infd.edu.ar\/sitio\/r-a-m-regimen-academico-marco\/\">R. A. M. (R\u00c9GIMEN ACAD\u00c9MICO MARCO) \u2013 I.S.F.D. y T. N\u00b0 35 \u00abProf. Vicente D&#8217;Abramo\u00bb<\/a><\/p>\n\n\n\n<p><a href=\"https:\/\/issuu.com\/rominafebrer\/docs\/innovaci_nbibliotecol_gica\">PR\u00c1CTICAS 2023 ALUMNOS BIE<\/a><\/p>\n\n\n\n<figure class=\"wp-block-image size-full\"><img decoding=\"async\" loading=\"lazy\" width=\"267\" height=\"383\" src=\"https:\/\/isfdyt35-bue.infd.edu.ar\/sitio\/wp-content\/uploads\/2023\/12\/image-3.png\" alt=\"\" class=\"wp-image-7032\"\/><\/figure>\n\n\n\n<p><\/p>\n\n\n\n<p><a href=\"https:\/\/www.flipsnack.com\/5FDCCFDD75E\/revista-practica.html\">REVISTA PR\u00c1CTICA 2023<\/a><\/p>\n\n\n\n<figure class=\"wp-block-image size-full\"><img decoding=\"async\" loading=\"lazy\" width=\"267\" height=\"375\" src=\"https:\/\/isfdyt35-bue.infd.edu.ar\/sitio\/wp-content\/uploads\/2023\/12\/image-4.png\" alt=\"\" class=\"wp-image-7033\"\/><\/figure>\n\n\n\n<p><a href=\"https:\/\/issuu.com\/nicoleceleste13\/docs\/revista_bie_pr_cticas_1_\">REVISTA BIE PR\u00c1CTICAS<\/a><\/p>\n\n\n\n<figure class=\"wp-block-image size-full\"><img decoding=\"async\" loading=\"lazy\" width=\"267\" height=\"382\" src=\"https:\/\/isfdyt35-bue.infd.edu.ar\/sitio\/wp-content\/uploads\/2023\/12\/image-6.png\" alt=\"\" class=\"wp-image-7035\"\/><\/figure>\n\n\n\n<p><\/p>\n\n\n\n<p><a href=\"https:\/\/issuu.com\/micaperugini\/docs\/revista_final\">BIE HOY<\/a><\/p>\n\n\n\n<figure class=\"wp-block-image size-full\"><img decoding=\"async\" loading=\"lazy\" width=\"262\" height=\"380\" src=\"https:\/\/isfdyt35-bue.infd.edu.ar\/sitio\/wp-content\/uploads\/2023\/12\/image-5.png\" alt=\"\" class=\"wp-image-7034\"\/><\/figure>\n\n\n\n<figure class=\"wp-block-embed is-type-wp-embed is-provider-i-s-f-d-y-t-n-35-quot-prof-vicente-d-039-abramo-quot wp-block-embed-i-s-f-d-y-t-n-35-quot-prof-vicente-d-039-abramo-quot\"><div class=\"wp-block-embed__wrapper\">\n<blockquote class=\"wp-embedded-content\" data-secret=\"h5nzBIUK4j\"><a href=\"https:\/\/isfdyt35-bue.infd.edu.ar\/sitio\/regimen-academico-institucional\/\">R\u00e9gimen Acad\u00e9mico Institucional<\/a><\/blockquote><iframe class=\"wp-embedded-content\" sandbox=\"allow-scripts\" security=\"restricted\" style=\"position: absolute; clip: rect(1px, 1px, 1px, 1px);\" title=\"\u00abR\u00e9gimen Acad\u00e9mico Institucional\u00bb \u2014 I.S.F.D. y T. N\u00b0 35 &quot;Prof. Vicente D&#039;Abramo&quot;\" src=\"https:\/\/isfdyt35-bue.infd.edu.ar\/sitio\/regimen-academico-institucional\/embed\/#?secret=SaorPh5O3Z#?secret=h5nzBIUK4j\" data-secret=\"h5nzBIUK4j\" width=\"600\" height=\"338\" frameborder=\"0\" marginwidth=\"0\" marginheight=\"0\" scrolling=\"no\"><\/iframe>\n<\/div><\/figure>\n\n\n\n<p><\/p>\n\n\n<h4><strong><a href=\"https:\/\/drive.google.com\/file\/d\/1YOqR_h6h0WprmfVf8_5BCd3Q3QKIyElq\/view?usp=sharing\" target=\"_blank\" rel=\"noopener\">CHARLA INFORMATIVA BIBLIOTECOLOG\u00cdA<\/a><\/strong><\/h4>\n<p><span style=\"color: #000080; text-decoration: underline; font-family: arial, helvetica, sans-serif;\"><span style=\"font-size: 14pt;\"><strong>Jefe de \u00c1rea: <\/strong><\/span><\/span><span style=\"font-size: 14pt; font-family: arial, helvetica, sans-serif;\">Prof. Mirta Perez Diaz<\/span><\/p>\n<p><span style=\"color: #000080; text-decoration: underline; font-family: arial, helvetica, sans-serif;\"><span style=\"font-size: 14pt;\"><strong>Contacto de la carrera: <\/strong><\/span><\/span>bibliotecario.inst.educ35@gmail.com<\/p>\n<p><span style=\"color: #000080; text-decoration: underline; font-family: arial, helvetica, sans-serif;\"><span style=\"font-size: 14pt;\"><strong>Preceptora: <\/strong><\/span><\/span><span style=\"font-size: 14pt;\"><span style=\"font-family: arial, helvetica, sans-serif;\">Bibliotecaria Luciana Elizabeth Said<\/span><br \/><\/span><\/p>\n<p><a href=\"https:\/\/isfdyt35-bue.infd.edu.ar\/sitio\/wp-content\/uploads\/2024\/08\/TSB-BIBLIOTECARIO-EN-INSTITUCIONES-EDUCATIVAS.pdf\">DISE\u00d1O CURRICULAR TECNICATURA SUPERIOR EN BIBLIOTECOLOG\u00cdA DE INSTITUCIONES EDUCATIVAS<\/a><\/p>\n<p>,.<\/p>\n<p>\u00a0<\/p>\n<p class=\"Section1\">\u00a0<\/p>","protected":false},"excerpt":{"rendered":"<p>R. A. M. (R\u00c9GIMEN ACAD\u00c9MICO MARCO) \u2013 I.S.F.D. y T. N\u00b0 35 \u00abProf. Vicente D&#8217;Abramo\u00bb PR\u00c1CTICAS 2023 ALUMNOS BIE REVISTA PR\u00c1CTICA 2023 REVISTA BIE PR\u00c1CTICAS BIE HOY CHARLA INFORMATIVA BIBLIOTECOLOG\u00cdA Jefe de \u00c1rea: Prof. Mirta Perez Diaz Contacto de la carrera: bibliotecario.inst.educ35@gmail.com Preceptora: Bibliotecaria Luciana Elizabeth Said DISE\u00d1O CURRICULAR TECNICATURA SUPERIOR EN BIBLIOTECOLOG\u00cdA DE INSTITUCIONES &#8230; <a title=\"TECNICATURA SUPERIOR EN BIBLIOTECOLOG\u00cdA DE  INSTITUCIONES EDUCATIVAS(BIE)\" class=\"read-more\" href=\"https:\/\/isfdyt35-bue.infd.edu.ar\/sitio\/bibliotecario-de-instituciones-educativasbie\/\" aria-label=\"More on TECNICATURA SUPERIOR EN BIBLIOTECOLOG\u00cdA DE  INSTITUCIONES EDUCATIVAS(BIE)\">[+]<\/a><\/p>\n","protected":false},"author":4004,"featured_media":0,"parent":0,"menu_order":0,"comment_status":"closed","ping_status":"closed","template":"","meta":[],"acf":[],"_links":{"self":[{"href":"https:\/\/isfdyt35-bue.infd.edu.ar\/sitio\/wp-json\/wp\/v2\/pages\/1039"}],"collection":[{"href":"https:\/\/isfdyt35-bue.infd.edu.ar\/sitio\/wp-json\/wp\/v2\/pages"}],"about":[{"href":"https:\/\/isfdyt35-bue.infd.edu.ar\/sitio\/wp-json\/wp\/v2\/types\/page"}],"author":[{"embeddable":true,"href":"https:\/\/isfdyt35-bue.infd.edu.ar\/sitio\/wp-json\/wp\/v2\/users\/4004"}],"replies":[{"embeddable":true,"href":"https:\/\/isfdyt35-bue.infd.edu.ar\/sitio\/wp-json\/wp\/v2\/comments?post=1039"}],"version-history":[{"count":24,"href":"https:\/\/isfdyt35-bue.infd.edu.ar\/sitio\/wp-json\/wp\/v2\/pages\/1039\/revisions"}],"predecessor-version":[{"id":8642,"href":"https:\/\/isfdyt35-bue.infd.edu.ar\/sitio\/wp-json\/wp\/v2\/pages\/1039\/revisions\/8642"}],"wp:attachment":[{"href":"https:\/\/isfdyt35-bue.infd.edu.ar\/sitio\/wp-json\/wp\/v2\/media?parent=1039"}],"curies":[{"name":"wp","href":"https:\/\/api.w.org\/{rel}","templated":true}]}}