{"id":1041,"date":"2018-07-02T19:13:39","date_gmt":"2018-07-02T22:13:39","guid":{"rendered":"https:\/\/isfdyt35-bue.infd.edu.ar\/sitio\/tecnicatura-superior-en-gestion-ambiental-y-salud\/"},"modified":"2024-12-18T21:12:21","modified_gmt":"2024-12-19T00:12:21","slug":"tecnicatura-superior-en-gestion-ambiental-y-salud","status":"publish","type":"page","link":"https:\/\/isfdyt35-bue.infd.edu.ar\/sitio\/tecnicatura-superior-en-gestion-ambiental-y-salud\/","title":{"rendered":"TECNICATURA EN GESTI\u00d3N AMBIENTAL Y SALUD"},"content":{"rendered":"\n<p><a href=\"https:\/\/isfdyt35-bue.infd.edu.ar\/sitio\/r-a-m-regimen-academico-marco\/\">R. A. M. (R\u00c9GIMEN ACAD\u00c9MICO MARCO) \u2013 I.S.F.D. y T. N\u00b0 35 \u00abProf. Vicente D&#8217;Abramo\u00bb<\/a><\/p>\n\n\n\n<p><span style=\"color: #000080; text-decoration: underline;\"><span style=\"font-family: arial,helvetica,sans-serif; font-size: 14pt;\"><strong>Duraci\u00f3n:&nbsp;<\/strong><\/span><\/span>3 a\u00f1os<\/p>\n\n\n\n<p><span style=\"color: #000080; text-decoration: underline;\"><span style=\"font-family: arial,helvetica,sans-serif; font-size: 14pt;\"><strong>Referente de Carrera :&nbsp;<\/strong><\/span><\/span><span style=\"font-family: arial,helvetica,sans-serif; font-size: 14pt;\"><span style=\"font-family: arial,helvetica,sans-serif; font-size: 14pt;\"><strong>Tegli Dante&nbsp; &nbsp;<\/strong><\/span><\/span><\/p>\n\n\n\n<p><span style=\"font-family: arial,helvetica,sans-serif; font-size: 14pt;\"><span style=\"font-family: arial,helvetica,sans-serif; font-size: 14pt;\"><strong><span style=\"color: #000080; text-decoration: underline;\">Contacto de la carrera: <\/span><\/strong><\/span><\/span><a href=\"mailto:tga.isfd35@gmail.com\"><span style=\"font-size: inherit;\">tga.isfd35@gmail.com<\/span><\/a><\/p>\n\n\n\n<p><span style=\"color: #000080; text-decoration: underline;\"><span style=\"font-family: arial,helvetica,sans-serif; font-size: 14pt;\"><strong>Preceptor:&nbsp;&nbsp;<\/strong><\/span><\/span><strong><span style=\"font-family: arial,helvetica,sans-serif; font-size: 14pt;\">Nicol\u00e1s &nbsp;D\u00edaz Morales<\/span><\/strong><\/p>\n\n\n\n<p><span style=\"color: #000080; text-decoration: underline;\"><span style=\"font-family: arial,helvetica,sans-serif; font-size: 14pt;\"><strong>PERFIL PROFESIONAL&nbsp;<\/strong><\/span><\/span><\/p>\n\n\n\n<p><span style=\"color: #000080; text-decoration: underline;\"><span style=\"font-family: arial,helvetica,sans-serif; font-size: 14pt;\"><strong>COMPETENCIA GENERAL&nbsp;<\/strong><\/span><\/span><\/p>\n\n\n\n<p><span style=\"font-family: arial,helvetica,sans-serif; font-size: 14pt;\">Es el profesional con formaci\u00f3n cient\u00edfica, tecnol\u00f3gica y \u00e9tica, competente para la <\/span><span style=\"font-family: arial,helvetica,sans-serif; font-size: 14pt;\">intervenci\u00f3n en los procesos t\u00e9cnicos <\/span><span style=\"font-family: arial,helvetica,sans-serif; font-size: 14pt;\">espec\u00edficos del campo de la gesti\u00f3n <\/span><span style=\"font-family: arial,helvetica,sans-serif; font-size: 14pt;\">ambiental.<\/span><\/p>\n\n\n\n<p><span style=\"font-family: arial,helvetica,sans-serif; font-size: 14pt;\">Dise\u00f1ar\u00e1 y ejecutar\u00e1 planes y programas tendientes a la vigilancia ambiental y sanitaria,en \u00e1mbitos urbanos y rurales. Asimismo, coordinar\u00e1 actividades de protecci\u00f3n y promoci\u00f3n del ambiente y la salud e implementar\u00e1 estrategias de atenci\u00f3n primaria ambiental.<\/span><\/p>\n\n\n\n<p><span style=\"color: #000080; text-decoration: underline;\"><span style=\"font-family: arial,helvetica,sans-serif; font-size: 14pt;\"><strong>AREA OCUPACIONAL.&nbsp;<\/strong><\/span><\/span><\/p>\n\n\n\n<p><span style=\"font-family: arial,helvetica,sans-serif; font-size: 14pt;\">El T\u00e9cnico Superior en Gesti\u00f3n Ambiental y Salud puede ejercer sus actividades, tanto en forma aut\u00f3noma, como en relaci\u00f3n de dependencia. Asimismo, tendr\u00e1 la posibilidad de desempe\u00f1arse en:<\/span><\/p>\n\n\n\n<ul>\n<li>\n<div style=\"text-align: justify;\"><span style=\"font-family: arial,helvetica,sans-serif; font-size: 14pt;\">Instituciones p\u00fablicas y\/o privadas de jurisdicci\u00f3n Nacional, Provincial y Municipal, del \u00e1rea de la salud y del ambiente.<\/span><\/div>\n<\/li>\n\n\n\n<li>\n<div style=\"text-align: justify;\"><span style=\"font-family: arial,helvetica,sans-serif; font-size: 14pt;\">Sistemas de gesti\u00f3n ambiental del subsector p\u00fablico y\/o privado e interjurisdiccional.<\/span><\/div>\n<\/li>\n\n\n\n<li>\n<div style=\"text-align: justify;\"><span style=\"font-family: arial,helvetica,sans-serif; font-size: 14pt;\">Establecimientos industriales, parques industriales, empresas de diversa \u00edndole que pudieran contaminar en alguna forma.<\/span><\/div>\n<\/li>\n\n\n\n<li>\n<div style=\"text-align: justify;\"><span style=\"font-family: arial,helvetica,sans-serif; font-size: 14pt;\">Aseguradoras de Riesgos del Trabajo (ART) y compa\u00f1\u00edas de seguros.<\/span><\/div>\n<\/li>\n\n\n\n<li> <div style=\"text-align: justify;\"><span style=\"font-family: arial,helvetica,sans-serif; font-size: 14pt;\">Y todos aquellos \u00e1mbitos en donde se requiera su desempe\u00f1o, acorde al marco legal vigente.<\/span><br><span style=\"font-family: arial,helvetica,sans-serif; font-size: 14pt;\">&nbsp;<\/span><\/div> <a href=\"https:\/\/isfdyt35-bue.infd.edu.ar\/sitio\/wp-content\/uploads\/2024\/08\/TGA-DISENO-CURRICULAR.pdf\" target=\"_blank\" rel=\"noreferrer noopener\">DISE\u00d1O CURRICULAR TECNICATURA SUPERIOR EN GESTI\u00d3N AMBIENTAL Y SALUD<\/a><\/li>\n<\/ul>\n\n\n\n<p>           <span style=\"font-family: arial,helvetica,sans-serif; font-size: 14pt;\"><a rel=\"noreferrer noopener\" href=\"https:\/\/isfdyt35-bue.infd.edu.ar\/sitio\/wp-content\/uploads\/2022\/02\/PLAN-DE-ESTUDIOS-TGA.pdf\" target=\"_blank\">PLAN DE LA CARRERA Y CORRELATIVIDADES<\/a><\/span><\/p>\n\n\n\n<p><\/p>\n\n\n\n<h1 class=\"wp-block-heading\">&nbsp;<\/h1>\n","protected":false},"excerpt":{"rendered":"<p>R. A. M. (R\u00c9GIMEN ACAD\u00c9MICO MARCO) \u2013 I.S.F.D. y T. N\u00b0 35 \u00abProf. Vicente D&#8217;Abramo\u00bb Duraci\u00f3n:&nbsp;3 a\u00f1os Referente de Carrera :&nbsp;Tegli Dante&nbsp; &nbsp; Contacto de la carrera: tga.isfd35@gmail.com Preceptor:&nbsp;&nbsp;Nicol\u00e1s &nbsp;D\u00edaz Morales PERFIL PROFESIONAL&nbsp; COMPETENCIA GENERAL&nbsp; Es el profesional con formaci\u00f3n cient\u00edfica, tecnol\u00f3gica y \u00e9tica, competente para la intervenci\u00f3n en los procesos t\u00e9cnicos espec\u00edficos del campo &#8230; <a title=\"TECNICATURA EN GESTI\u00d3N AMBIENTAL Y SALUD\" class=\"read-more\" href=\"https:\/\/isfdyt35-bue.infd.edu.ar\/sitio\/tecnicatura-superior-en-gestion-ambiental-y-salud\/\" aria-label=\"More on TECNICATURA EN GESTI\u00d3N AMBIENTAL Y SALUD\">[+]<\/a><\/p>\n","protected":false},"author":4004,"featured_media":0,"parent":0,"menu_order":0,"comment_status":"closed","ping_status":"closed","template":"","meta":[],"acf":[],"_links":{"self":[{"href":"https:\/\/isfdyt35-bue.infd.edu.ar\/sitio\/wp-json\/wp\/v2\/pages\/1041"}],"collection":[{"href":"https:\/\/isfdyt35-bue.infd.edu.ar\/sitio\/wp-json\/wp\/v2\/pages"}],"about":[{"href":"https:\/\/isfdyt35-bue.infd.edu.ar\/sitio\/wp-json\/wp\/v2\/types\/page"}],"author":[{"embeddable":true,"href":"https:\/\/isfdyt35-bue.infd.edu.ar\/sitio\/wp-json\/wp\/v2\/users\/4004"}],"replies":[{"embeddable":true,"href":"https:\/\/isfdyt35-bue.infd.edu.ar\/sitio\/wp-json\/wp\/v2\/comments?post=1041"}],"version-history":[{"count":37,"href":"https:\/\/isfdyt35-bue.infd.edu.ar\/sitio\/wp-json\/wp\/v2\/pages\/1041\/revisions"}],"predecessor-version":[{"id":8317,"href":"https:\/\/isfdyt35-bue.infd.edu.ar\/sitio\/wp-json\/wp\/v2\/pages\/1041\/revisions\/8317"}],"wp:attachment":[{"href":"https:\/\/isfdyt35-bue.infd.edu.ar\/sitio\/wp-json\/wp\/v2\/media?parent=1041"}],"curies":[{"name":"wp","href":"https:\/\/api.w.org\/{rel}","templated":true}]}}