{"id":1046,"date":"2018-07-02T19:13:41","date_gmt":"2018-07-02T22:13:41","guid":{"rendered":"https:\/\/isfdyt35-bue.infd.edu.ar\/sitio\/equipo-de-conduccion\/"},"modified":"2026-04-16T21:20:13","modified_gmt":"2026-04-17T00:20:13","slug":"equipo-de-conduccion","status":"publish","type":"page","link":"https:\/\/isfdyt35-bue.infd.edu.ar\/sitio\/equipo-de-conduccion\/","title":{"rendered":"Equipo de conducci\u00f3n"},"content":{"rendered":"<p><strong><u>DIRECTORA<\/u><\/strong>:<\/p>\n<p>Prof. Segovia Gabriela<\/p>\n<p><strong><u>REGENTES<\/u><\/strong>:<\/p>\n<p><span style=\"font-size: revert;\">Prof. Fadul Maria Laura<\/span><\/p>\n<p>Prof. Farias Daniel<\/p>\n<p><strong><u>SECRETARIA<\/u><\/strong><\/p>\n<p>Prof. Purlis Virginia<\/p>\n<p><strong><u>PROSECRETARIOS<\/u><\/strong><\/p>\n<p>Prof. Grill Juan<\/p>\n<p>Prof Encinas Vanesa<\/p>\n<p><strong><u>JEFES DE \u00c1REA:<\/u><\/strong><\/p>\n<p>Prof. Perez Diaz Mirta (Bibliotecolog\u00eda)<br \/>\nProf. Maria E. Crocce (Matem\u00e1tica)<br \/>\nProf. Mar\u00eda Teresa Hopital (Inicial)<br \/>\nProf. Adalberto Ghio (Lengua y Literatura)<br \/>\nProf. H\u00e9ctor Mendez (Biolog\u00eda)<br \/>\nProf. Garc\u00eda Marcela (Primaria)<br \/>\nProf. Casareski Andrea (Ingl\u00e9s)<br \/>\nProf. H\u00e9ctor Mendez\u00a0(Qu\u00edmica)<\/p>\n<p><strong><u>REFERENTES DE CARRERA<\/u><\/strong>:<\/p>\n<p>Prof. Marcela\u00a0 Garc\u00eda (Geograf\u00eda)<br \/>\nProf. Dante Tegli \u00a0 (TGA)<br \/>\nProf. Feu (F\u00edsica)<\/p>\n<p style=\"padding-left: 30px;\"><span style=\"font-family: arial,helvetica,sans-serif; font-size: 14pt;\"><span style=\"color: #000000;\">\u00a0<\/span><\/span><\/p>\n<p><span style=\"font-family: 'andale mono', times;\"><strong><span style=\"font-size: 10pt; color: #000000;\"><span style=\"font-size: 10pt;\">\u00a0<\/span><\/span><\/strong><\/span><\/p>\n<p><span style=\"font-family: 'andale mono', times;\"><strong><span style=\"font-size: 10pt; color: #000000;\">\u00a0<\/span><\/strong><\/span><\/p>\n<p><span style=\"color: #000000;\">\u00a0<\/span><\/p>\n","protected":false},"excerpt":{"rendered":"<p>DIRECTORA: Prof. Segovia Gabriela REGENTES: Prof. Fadul Maria Laura Prof. Farias Daniel SECRETARIA Prof. Purlis Virginia PROSECRETARIOS Prof. Grill Juan Prof Encinas Vanesa JEFES DE \u00c1REA: Prof. Perez Diaz Mirta (Bibliotecolog\u00eda) Prof. Maria E. Crocce (Matem\u00e1tica) Prof. Mar\u00eda Teresa Hopital (Inicial) Prof. Adalberto Ghio (Lengua y Literatura) Prof. H\u00e9ctor Mendez (Biolog\u00eda) Prof. Garc\u00eda Marcela (Primaria) &#8230; <a title=\"Equipo de conducci\u00f3n\" class=\"read-more\" href=\"https:\/\/isfdyt35-bue.infd.edu.ar\/sitio\/equipo-de-conduccion\/\" aria-label=\"More on Equipo de conducci\u00f3n\">[+]<\/a><\/p>\n","protected":false},"author":4004,"featured_media":0,"parent":0,"menu_order":0,"comment_status":"closed","ping_status":"closed","template":"","meta":[],"acf":[],"_links":{"self":[{"href":"https:\/\/isfdyt35-bue.infd.edu.ar\/sitio\/wp-json\/wp\/v2\/pages\/1046"}],"collection":[{"href":"https:\/\/isfdyt35-bue.infd.edu.ar\/sitio\/wp-json\/wp\/v2\/pages"}],"about":[{"href":"https:\/\/isfdyt35-bue.infd.edu.ar\/sitio\/wp-json\/wp\/v2\/types\/page"}],"author":[{"embeddable":true,"href":"https:\/\/isfdyt35-bue.infd.edu.ar\/sitio\/wp-json\/wp\/v2\/users\/4004"}],"replies":[{"embeddable":true,"href":"https:\/\/isfdyt35-bue.infd.edu.ar\/sitio\/wp-json\/wp\/v2\/comments?post=1046"}],"version-history":[{"count":8,"href":"https:\/\/isfdyt35-bue.infd.edu.ar\/sitio\/wp-json\/wp\/v2\/pages\/1046\/revisions"}],"predecessor-version":[{"id":9664,"href":"https:\/\/isfdyt35-bue.infd.edu.ar\/sitio\/wp-json\/wp\/v2\/pages\/1046\/revisions\/9664"}],"wp:attachment":[{"href":"https:\/\/isfdyt35-bue.infd.edu.ar\/sitio\/wp-json\/wp\/v2\/media?parent=1046"}],"curies":[{"name":"wp","href":"https:\/\/api.w.org\/{rel}","templated":true}]}}