{"id":1853,"date":"2019-12-05T14:53:06","date_gmt":"2019-12-05T17:53:06","guid":{"rendered":"https:\/\/isfdyt35-bue.infd.edu.ar\/sitio\/?page_id=1853"},"modified":"2026-03-12T11:59:54","modified_gmt":"2026-03-12T14:59:54","slug":"profesorado-en-fisica","status":"publish","type":"page","link":"https:\/\/isfdyt35-bue.infd.edu.ar\/sitio\/profesorado-en-fisica\/","title":{"rendered":"PROFESORADO EN F\u00cdSICA"},"content":{"rendered":"\n<p class=\"has-text-align-center has-x-large-font-size\"><a rel=\"noreferrer noopener\" href=\"https:\/\/isfdyt35.opac.ar\/\" target=\"_blank\">CAT\u00c1LOGO DE LA BIBLIOTECA DEL ISFDyT 35<\/a><\/p>\n\n\n\n<p><a href=\"https:\/\/isfdyt35-bue.infd.edu.ar\/sitio\/r-a-m-regimen-academico-marco\/\">R. A. M. (R\u00c9GIMEN ACAD\u00c9MICO MARCO) \u2013 I.S.F.D. y T. N\u00b0 35 \u00abProf. Vicente D&#8217;Abramo\u00bb<\/a><\/p>\n\n\n<h6><a href=\"https:\/\/drive.google.com\/file\/d\/1AaoM0dEK3Y5Pf7-gD6IOo8fBdO9y7rX5\/view?usp=sharing\" target=\"_blank\" rel=\"noopener\">CHARLA INFORMATIVA PROFESORADOS DE CIENCIAS NATURALES.-<\/a><\/h6>\n<p><a href=\"https:\/\/drive.google.com\/file\/d\/1v43k-MiIcXY2-FxifzY8CaLmGJBoezIU\/view?usp=drivesdk\" target=\"_blank\" rel=\"noopener\">SOBRE NUESTRAS CARRERAS<\/a><\/p>\n<p><a href=\"https:\/\/isfdyt35-bue.infd.edu.ar\/sitio\/ciencias-naturales\/\" target=\"_blank\" rel=\"noopener\">SITIO INSTITUCIONAL PROFESORADOS DE CIENCIAS NATURALES<\/a><\/p>\n<p>11\/03\/2026<\/p>\n<p>Con orgullo felicitamos a nuestros nuevos profesores de F\u00edsica: ARIANA CASTA\u00d1O, CANDELA APAZA Y FEDERICO TUNINETTI<\/p>\n<p>\u00a0<img decoding=\"async\" loading=\"lazy\" class=\"alignnone size-medium wp-image-9566\" src=\"https:\/\/isfdyt35-bue.infd.edu.ar\/sitio\/wp-content\/uploads\/2026\/03\/ariana-castano-1-1000x461.jpg\" alt=\"\" width=\"1000\" height=\"461\" srcset=\"https:\/\/isfdyt35-bue.infd.edu.ar\/sitio\/wp-content\/uploads\/2026\/03\/ariana-castano-1-1000x461.jpg 1000w, https:\/\/isfdyt35-bue.infd.edu.ar\/sitio\/wp-content\/uploads\/2026\/03\/ariana-castano-1-768x354.jpg 768w, https:\/\/isfdyt35-bue.infd.edu.ar\/sitio\/wp-content\/uploads\/2026\/03\/ariana-castano-1-1536x708.jpg 1536w, https:\/\/isfdyt35-bue.infd.edu.ar\/sitio\/wp-content\/uploads\/2026\/03\/ariana-castano-1.jpg 1600w\" sizes=\"(max-width: 1000px) 100vw, 1000px\" \/><\/p>\n<p><img decoding=\"async\" loading=\"lazy\" class=\"alignnone size-medium wp-image-9572\" src=\"https:\/\/isfdyt35-bue.infd.edu.ar\/sitio\/wp-content\/uploads\/2026\/03\/candela-apaza-1000x461.jpg\" alt=\"\" width=\"1000\" height=\"461\" srcset=\"https:\/\/isfdyt35-bue.infd.edu.ar\/sitio\/wp-content\/uploads\/2026\/03\/candela-apaza-1000x461.jpg 1000w, https:\/\/isfdyt35-bue.infd.edu.ar\/sitio\/wp-content\/uploads\/2026\/03\/candela-apaza-768x354.jpg 768w, https:\/\/isfdyt35-bue.infd.edu.ar\/sitio\/wp-content\/uploads\/2026\/03\/candela-apaza-1536x708.jpg 1536w, https:\/\/isfdyt35-bue.infd.edu.ar\/sitio\/wp-content\/uploads\/2026\/03\/candela-apaza.jpg 1600w\" sizes=\"(max-width: 1000px) 100vw, 1000px\" \/><\/p>\n<p><img decoding=\"async\" loading=\"lazy\" class=\"alignnone size-medium wp-image-9567\" src=\"https:\/\/isfdyt35-bue.infd.edu.ar\/sitio\/wp-content\/uploads\/2026\/03\/federico-tunetti-1000x461.jpg\" alt=\"\" width=\"1000\" height=\"461\" srcset=\"https:\/\/isfdyt35-bue.infd.edu.ar\/sitio\/wp-content\/uploads\/2026\/03\/federico-tunetti-1000x461.jpg 1000w, https:\/\/isfdyt35-bue.infd.edu.ar\/sitio\/wp-content\/uploads\/2026\/03\/federico-tunetti-768x354.jpg 768w, https:\/\/isfdyt35-bue.infd.edu.ar\/sitio\/wp-content\/uploads\/2026\/03\/federico-tunetti-1536x708.jpg 1536w, https:\/\/isfdyt35-bue.infd.edu.ar\/sitio\/wp-content\/uploads\/2026\/03\/federico-tunetti.jpg 1600w\" sizes=\"(max-width: 1000px) 100vw, 1000px\" \/><\/p>\n<p>Ella es Paula Castellanos primera Profesora de F\u00edsica del Instituto Superior de Formaci\u00f3n Docente y T\u00e9cnica N\u00b0 35 Profesor Vicente D&#8217;Abramo, un orgullo para nuestra Instituci\u00f3n, egresada 2024.-<\/p>\n\n\n<figure class=\"wp-block-image size-full\"><img decoding=\"async\" loading=\"lazy\" width=\"1200\" height=\"1600\" src=\"https:\/\/isfdyt35-bue.infd.edu.ar\/sitio\/wp-content\/uploads\/2024\/08\/Imagen-de-WhatsApp-2024-08-14-a-las-08.54.26_af3c3c95.jpg\" alt=\"Ella es Paula Castellanos primera Profesora de F\u00edsica del Instituto Superior de Formaci\u00f3n Docente y T\u00e9cnica N\u00b0 35 Profesor Vicente D'Abramo, un orgullo para nuestra Instituci\u00f3n.\" class=\"wp-image-7689\" srcset=\"https:\/\/isfdyt35-bue.infd.edu.ar\/sitio\/wp-content\/uploads\/2024\/08\/Imagen-de-WhatsApp-2024-08-14-a-las-08.54.26_af3c3c95.jpg 1200w, https:\/\/isfdyt35-bue.infd.edu.ar\/sitio\/wp-content\/uploads\/2024\/08\/Imagen-de-WhatsApp-2024-08-14-a-las-08.54.26_af3c3c95-750x1000.jpg 750w, https:\/\/isfdyt35-bue.infd.edu.ar\/sitio\/wp-content\/uploads\/2024\/08\/Imagen-de-WhatsApp-2024-08-14-a-las-08.54.26_af3c3c95-768x1024.jpg 768w, https:\/\/isfdyt35-bue.infd.edu.ar\/sitio\/wp-content\/uploads\/2024\/08\/Imagen-de-WhatsApp-2024-08-14-a-las-08.54.26_af3c3c95-1152x1536.jpg 1152w\" sizes=\"(max-width: 1200px) 100vw, 1200px\" \/><\/figure>\n\n\n\n<p><\/p>\n\n\n<p><\/p>\n<h1 style=\"text-align: center;\">&nbsp;<\/h1>\n<p><img decoding=\"async\" loading=\"lazy\" class=\"alignnone size-medium wp-image-2584\" src=\"https:\/\/isfdyt35-bue.infd.edu.ar\/sitio\/wp-content\/uploads\/2020\/12\/F\u00cdSICA-1000x733.jpg\" alt=\"\" width=\"1000\" height=\"733\" srcset=\"https:\/\/isfdyt35-bue.infd.edu.ar\/sitio\/wp-content\/uploads\/2020\/12\/F\u00cdSICA-1000x733.jpg 1000w, https:\/\/isfdyt35-bue.infd.edu.ar\/sitio\/wp-content\/uploads\/2020\/12\/F\u00cdSICA-768x563.jpg 768w, https:\/\/isfdyt35-bue.infd.edu.ar\/sitio\/wp-content\/uploads\/2020\/12\/F\u00cdSICA.jpg 1003w\" sizes=\"(max-width: 1000px) 100vw, 1000px\" \/><\/p>\n<p><\/p>\n<p>Un profesor en F\u00edsica es un graduado con una s\u00f3lida preparaci\u00f3n en F\u00edsica que integra saberes y conocimientos de distintas \u00e1reas, que le brindan sustento en el desarrollo de su trabajo diciplinar y que puede articularlos a partir de su conocimiento te\u00f3rico y pr\u00e1ctico en el campo educativo lo que lo conduce a construir procesos de ense\u00f1a y aprendizaje desde una perspectiva social, pol\u00edtica, cultural e inclusiva.<\/p>\n<p>El profesor de F\u00edsica posee s\u00f3lidas competencias para el an\u00e1lisis, dise\u00f1o, implementaci\u00f3n y evaluaci\u00f3n de estrategias de ense\u00f1anza y aprendizaje, as\u00ed como la investigaci\u00f3n en problem\u00e1ticas relacionadas con el mejoramiento de procesos educativos de diversa naturaleza.<\/p>\n<p>Est\u00e1 capacitado para asumir un doble rol, es docente pero tambi\u00e9n investigador lo que le permite promover y participar en trayectos educativos de actualizaci\u00f3n permanente y en el \u00e1mbito de la educaci\u00f3n no formal dise\u00f1ando dispositivos de capacitaci\u00f3n docente y participando en proyecto de investigaci\u00f3n en la ense\u00f1anza de la F\u00edsica.<\/p>\n<p>Est\u00e1 preparado para intervenir en diversos espacios institucionales permitiendo la participaci\u00f3n cr\u00edtica y reflexiva de distintos actores del \u00e1mbito educativo construyendo puedes por medio del trabajo en equipo y la integraci\u00f3n de diversas comunidades de pr\u00e1ctica de car\u00e1cter disciplinar, multidisciplinar e interdisciplinar.<\/p>\n<p><\/p>\n<p>En la escuela secundaria de hoy, es muy bajo el porcentaje de profesores que se encuentran en las aulas con t\u00edtulo de profesor en F\u00edsica, constituyendo una preocupaci\u00f3n en el sistema educativo nacional, lo que ha llevado a las autoridades e Instituciones como la Asociaci\u00f3n de Profesores en F\u00edsica de la Argentinas (APFA) a apoyar de manera espec\u00edfica la formaci\u00f3n de profesionales id\u00f3neos que puedan estar frente de las aulas en una ciencia que es considerada la ciencia fundamental de la naturaleza.<\/p>\n<p>Titulaci\u00f3n ofrecida: Profesor de Educaci\u00f3n Secundaria en F\u00edsica<br>Incumbencia del t\u00edtulo: Nivel Secundario<br>A\u00f1os de duraci\u00f3n: 4 a\u00f1os<br>Carga horaria total (horas reloj): 2.768<br>Cantidad de unidades curriculares: 41<\/p>\n<p><span style=\"color: #000080; text-decoration: underline;\"><span style=\"font-family: arial,helvetica,sans-serif; font-size: 14pt;\"><strong>Jefe de \u00c1rea: <\/strong><\/span><\/span>Profesor M\u00e9ndez H\u00e9ctor<\/p>\n<p>&nbsp;<span style=\"color: #000080; text-decoration: underline;\"><span style=\"font-family: arial,helvetica,sans-serif; font-size: 14pt;\"><strong>Preceptora de la Carrera: <\/strong><\/span><\/span>Profesor Fabian Rosano<\/p>\n<p><a href=\"mailto:precefqb35@gmail.com\"> <span style=\"color: #000080; text-decoration: underline;\"><span style=\"font-family: arial,helvetica,sans-serif; font-size: 14pt;\"><strong>Contacto de la carrera: <\/strong><\/span><\/span>precefqb35@gmail.com<\/a><\/p>\n<p><span style=\"color: #000080; text-decoration: underline;\"><span style=\"font-family: arial,helvetica,sans-serif; font-size: 14pt;\"><strong>Horarios de Cursadas:&nbsp; <\/strong><\/span><\/span>lunes a viernes 8 a 12 hs. Pr\u00e1cticas en contraturnos<\/p>\n<p><a href=\"https:\/\/isfdyt35-bue.infd.edu.ar\/sitio\/wp-content\/uploads\/2024\/08\/PROFESORADO-DE-FISICA-DISENO-CURRICULAR.pdf\">DISE\u00d1O CURRICULAR PROFESORADO EN F\u00cdSICA<\/a><\/p>\n<p><\/p>\n\n\n<p><\/p>\n","protected":false},"excerpt":{"rendered":"<p>CAT\u00c1LOGO DE LA BIBLIOTECA DEL ISFDyT 35 R. A. M. (R\u00c9GIMEN ACAD\u00c9MICO MARCO) \u2013 I.S.F.D. y T. N\u00b0 35 \u00abProf. Vicente D&#8217;Abramo\u00bb CHARLA INFORMATIVA PROFESORADOS DE CIENCIAS NATURALES.- SOBRE NUESTRAS CARRERAS SITIO INSTITUCIONAL PROFESORADOS DE CIENCIAS NATURALES 11\/03\/2026 Con orgullo felicitamos a nuestros nuevos profesores de F\u00edsica: ARIANA CASTA\u00d1O, CANDELA APAZA Y FEDERICO TUNINETTI \u00a0 &#8230; <a title=\"PROFESORADO EN F\u00cdSICA\" class=\"read-more\" href=\"https:\/\/isfdyt35-bue.infd.edu.ar\/sitio\/profesorado-en-fisica\/\" aria-label=\"More on PROFESORADO EN F\u00cdSICA\">[+]<\/a><\/p>\n","protected":false},"author":4004,"featured_media":0,"parent":0,"menu_order":0,"comment_status":"closed","ping_status":"closed","template":"","meta":[],"acf":[],"_links":{"self":[{"href":"https:\/\/isfdyt35-bue.infd.edu.ar\/sitio\/wp-json\/wp\/v2\/pages\/1853"}],"collection":[{"href":"https:\/\/isfdyt35-bue.infd.edu.ar\/sitio\/wp-json\/wp\/v2\/pages"}],"about":[{"href":"https:\/\/isfdyt35-bue.infd.edu.ar\/sitio\/wp-json\/wp\/v2\/types\/page"}],"author":[{"embeddable":true,"href":"https:\/\/isfdyt35-bue.infd.edu.ar\/sitio\/wp-json\/wp\/v2\/users\/4004"}],"replies":[{"embeddable":true,"href":"https:\/\/isfdyt35-bue.infd.edu.ar\/sitio\/wp-json\/wp\/v2\/comments?post=1853"}],"version-history":[{"count":46,"href":"https:\/\/isfdyt35-bue.infd.edu.ar\/sitio\/wp-json\/wp\/v2\/pages\/1853\/revisions"}],"predecessor-version":[{"id":9575,"href":"https:\/\/isfdyt35-bue.infd.edu.ar\/sitio\/wp-json\/wp\/v2\/pages\/1853\/revisions\/9575"}],"wp:attachment":[{"href":"https:\/\/isfdyt35-bue.infd.edu.ar\/sitio\/wp-json\/wp\/v2\/media?parent=1853"}],"curies":[{"name":"wp","href":"https:\/\/api.w.org\/{rel}","templated":true}]}}