{"id":3139,"date":"2024-05-14T01:00:00","date_gmt":"2024-05-14T04:00:00","guid":{"rendered":"https:\/\/isfdyt35-bue.infd.edu.ar\/sitio\/?page_id=3139"},"modified":"2025-06-02T14:25:34","modified_gmt":"2025-06-02T17:25:34","slug":"asociacion-cooperadora-2","status":"publish","type":"page","link":"https:\/\/isfdyt35-bue.infd.edu.ar\/sitio\/asociacion-cooperadora-2\/","title":{"rendered":"ASOCIACI\u00d3N COOPERADORA"},"content":{"rendered":"<p><a href=\"https:\/\/isfdyt35-bue.infd.edu.ar\/sitio\/wp-content\/uploads\/2025\/06\/Manual-de-formacion-y-fortalecimiento-para-Cooperadoras-Escolares-2021.pdf\">Manual de formaci\u00f3n y fortalecimiento para Cooperadoras Escolares 2021<\/a><\/p>\n<p><a href=\"https:\/\/isfdyt35-bue.infd.edu.ar\/sitio\/wp-content\/uploads\/2025\/06\/1decreto_cooperadoras_escolares_4767-72.pdf\">1decreto_cooperadoras_escolares_4767-72<\/a><\/p>\n<p>Estimada comunidad educativa del Instituto Superior de formaci\u00f3n Docente y t\u00e9cnica N\u00b0 35, cumplimos en informar que el d\u00eda 30 de mayo de 2025 a las 9 hs. en la sede del Establecimiento sito en la calle Amat N.\u00ba 279, de la ciudad de Monte Grande, se realizar\u00e1 la Asamblea Ordinaria de la Asociaci\u00f3n Cooperadora del ISFDyT 35, se convoca e invita a los socios activos a los efectos de considerar el siguiente Orden del D\u00eda:<\/p>\n<p>1. Apertura de la Asamblea y lectura de la Orden del D\u00eda.<br \/>2. Designaci\u00f3n de dos socios para firmar el acta.<br \/>3. Lectura del Acta de la Asamblea anterior.<br \/>4. Lectura y aprobaci\u00f3n del Balance 2024\/2025 (hasta abril 2025).<br \/>5. Lectura de la memoria, consideraciones del balance, y aprobaci\u00f3n.<br \/>6. Elecci\u00f3n de Socios Activos para integrar el cargo de PRESIDENTE\/A de la Comisi\u00f3n Directiva.<br \/>7. Elecci\u00f3n de Socios Activos para integrar el cargo de TESORERO\/A de la Comisi\u00f3n Directiva.<br \/>8. Elecci\u00f3n de Socios Activos para integrar el cargo de SECRETARIO\/A de la Comisi\u00f3n Directiva.<br \/>9. Elecci\u00f3n de Socios Activos para integrar el resto de la Asociaci\u00f3n Cooperadora:\u00a0<br \/>REVISOR DE CUENTAR TITULAR:<br \/>REVISOR DE CUENTAS SUPLENTE:<br \/>10. Fijar el Monto de la Cuota Social y forma de Pago (mensual, anual, etc.)<br \/>11. Fijar Monto de Caja Chica de Tesorer\u00eda.<br \/>12. Realizar el FORMULARIO 10<br \/>13. Cierre a cargo de La Se\u00f1ora asesora, directora Lorena Mansilla.<\/p>\n<p>NOTA: Podr\u00e1n participar con derecho a voz y voto los socios activos. Todos aquellos que adeuden cuotas, podr\u00e1n regularizar su situaci\u00f3n hasta 48 hs. antes de la Asamblea.<\/p>\n<p>Monte Grande, 28 de noviembre de 2024<\/p>\n<p>La Asociaci\u00f3n Cooperadora informa que desde el d\u00eda de la fecha 28\/11\/2024, por motivo de la renuncia de la presidenta por causas particulares, asume la 1ra vocal titular Profesora Mar\u00eda Isabel Wildt de acuerdo con la normativa vigente y hasta completar mandato.<\/p>\n<p><img decoding=\"async\" loading=\"lazy\" class=\"alignnone size-full wp-image-8261 aligncenter\" src=\"https:\/\/isfdyt35-bue.infd.edu.ar\/sitio\/wp-content\/uploads\/2024\/12\/coop.jpeg\" alt=\"\" width=\"1000\" height=\"368\" srcset=\"https:\/\/isfdyt35-bue.infd.edu.ar\/sitio\/wp-content\/uploads\/2024\/12\/coop.jpeg 1000w, https:\/\/isfdyt35-bue.infd.edu.ar\/sitio\/wp-content\/uploads\/2024\/12\/coop-768x283.jpeg 768w\" sizes=\"(max-width: 1000px) 100vw, 1000px\" \/><\/p>\n<p>Monte Grande, 14\/5\/2024<\/p>\n<p>La Asociaci\u00f3n Cooperadora del ISFDyT N\u00b035 convoca e invita a los socios activos a la Asamblea Ordinaria a realizarse el d\u00eda viernes 14 del mes de junio del a\u00f1o 2024 a las 8 horas, en la sede del Establecimiento sito en la calle Amat N.\u00ba 279, de la ciudad de Monte Grande, a los efectos de considerar el siguiente Orden del D\u00eda:<\/p>\n<p>1. Apertura de la Asamblea y lectura de la Orden del D\u00eda.<\/p>\n<p>2. Designaci\u00f3n de dos socios para firmar el acta.<\/p>\n<p>3. Lectura del Acta de la Asamblea anterior<\/p>\n<p>4. Lectura y aprobaci\u00f3n del Balance 2022\/2023 (hasta abril 2024)<\/p>\n<p>5. Lectura de la memoria, consideraciones del balance, y aprobaci\u00f3n<\/p>\n<p>6. Lectura y aprobaci\u00f3n del Balance 2022\/2023<\/p>\n<p>7. Lectura de la memoria, consideraciones del balance, y aprobaci\u00f3n.<\/p>\n<p>8. Elecci\u00f3n de Socios Activos para integrar el cargo de SECRETARIO\/A de la Comisi\u00f3n Directiva:<\/p>\n<p>9. Elecci\u00f3n de Socios Activos para integrar el resto de la Asociaci\u00f3n Cooperadora.<\/p>\n<p>VOCAL TITULAR PRIMERO:<\/p>\n<p>VOCAL TITULAR SEGUNDO:<\/p>\n<p>VOCAL TITUTLAR TERCERO:<\/p>\n<p>VOCAL SUPLENTE PRIMERO:<\/p>\n<p>VOCAL SUPLENTE SEGUNDO:<\/p>\n<p>REVISOR DE CUENTAR TITULAR:<\/p>\n<p>REVISOR DE CUENTAS SUPLENTE:<\/p>\n<p>10. Fijaci\u00f3n de cuota societaria.<\/p>\n<p>11 Fijaci\u00f3n de monto de caja chica.<\/p>\n<p>12. Realizar el FORMULARIO 10<\/p>\n<p>12. Fijar Monto de Caja Chica de Tesorer\u00eda.<\/p>\n<p>13. Fijar el Monto de la Cuota Social y forma de Pago (mensual, anual, etc.)<\/p>\n<p>14. Cierre a cargo del\/a Se\u00f1or\/a Asesor\/a.<\/p>\n<p>NOTA: Podr\u00e1n participar con derecho a voz y voto los socios activos; todos aquellos que adeuden cuotas, podr\u00e1n regularizar su situaci\u00f3n hasta 48 hs. antes\u00a0de\u00a0la\u00a0Asamblea.<\/p>\n<p>&nbsp;<\/p>\n<p>Monte grande, 9 de Noviembre de 2023<\/p>\n<p>&nbsp;<\/p>\n<p>La Asociaci\u00f3n Cooperadora del ISFDyT N\u00b035 convoca e invita a los socios activos a la Asamblea Extraordinaria a realizarse el d\u00eda2 de diciembre del a\u00f1o 2023 a las 8 horas, en la sede del Establecimiento sito en la calle Amat N\u00ba 79, de la ciudad de Monte Grande, a los efectos de considerar el siguiente Orden del D\u00eda:<\/p>\n<p>&nbsp;<\/p>\n<ol>\n<li>Apertura de la Asamblea y lectura de la Orden del D\u00eda.<\/li>\n<\/ol>\n<p>&nbsp;<\/p>\n<ol start=\"2\">\n<li>Designaci\u00f3n de dos socios para firmar el acta.<\/li>\n<\/ol>\n<p>&nbsp;<\/p>\n<ol start=\"3\">\n<li>Lectura del Acta de la Asamblea anterior<\/li>\n<\/ol>\n<p>&nbsp;<\/p>\n<ol start=\"4\">\n<li>Lectura y aprobaci\u00f3n del Balance 2022\/2023 (hasta abril 2024)<\/li>\n<\/ol>\n<p>&nbsp;<\/p>\n<ol start=\"5\">\n<li>Lectura de la memoria, consideraciones del balance, y aprobaci\u00f3n<\/li>\n<\/ol>\n<p>&nbsp;<\/p>\n<ol start=\"6\">\n<li>Lectura y aprobaci\u00f3n del Balance 2022\/2023<\/li>\n<\/ol>\n<p>&nbsp;<\/p>\n<ol start=\"7\">\n<li>Lectura de la memoria, consideraciones del balance, y aprobaci\u00f3n.<\/li>\n<\/ol>\n<p>&nbsp;<\/p>\n<ol start=\"8\">\n<li>Elecci\u00f3n de Socios Activos para integrar el cargo de SECRETARIO\/A de la Comisi\u00f3n Directiva:<\/li>\n<\/ol>\n<p>&nbsp;<\/p>\n<ol start=\"9\">\n<li>Elecci\u00f3n de Socios Activos para integrar el resto de la Asociaci\u00f3n Cooperadora.<\/li>\n<\/ol>\n<p>&nbsp;<\/p>\n<p>VOCAL TITULAR PRIMERO:<\/p>\n<p>&nbsp;<\/p>\n<p>VOCAL TITULAR SEGUNDO:<\/p>\n<p>&nbsp;<\/p>\n<p>VOCAL TITUTLAR TERCERO:<\/p>\n<p>&nbsp;<\/p>\n<p>VOCAL SUPLENTE PRIMERO:<\/p>\n<p>&nbsp;<\/p>\n<p>VOCAL SUPLENTE SEGUNDO:<\/p>\n<p>&nbsp;<\/p>\n<p>REVISOR DE CUENTAR TITULAR:<\/p>\n<p>&nbsp;<\/p>\n<p>REVISOR DE CUENTAS SUPLENTE:<\/p>\n<p>&nbsp;<\/p>\n<ol start=\"10\">\n<li>Fijaci\u00f3n de cuota societaria.<\/li>\n<\/ol>\n<p>&nbsp;<\/p>\n<p>11 Fijaci\u00f3n de monto de caja chica.<\/p>\n<p>&nbsp;<\/p>\n<ol start=\"12\">\n<li>Realizar el FORMULARIO 10<\/li>\n<\/ol>\n<p>&nbsp;<\/p>\n<ol start=\"12\">\n<li>Fijar Monto de Caja Chica de Tesorer\u00eda.<\/li>\n<\/ol>\n<p>&nbsp;<\/p>\n<ol start=\"13\">\n<li>Fijar el Monto de la Cuota Social y forma de Pago (mensual, anual, etc.)<\/li>\n<\/ol>\n<p>&nbsp;<\/p>\n<ol start=\"14\">\n<li>Cierre a cargo del\/a Se\u00f1or\/a Asesor\/a.<\/li>\n<\/ol>\n<p>\u00a0 <img decoding=\"async\" loading=\"lazy\" class=\"alignnone size-full wp-image-5219\" src=\"https:\/\/isfdyt35-bue.infd.edu.ar\/sitio\/wp-content\/uploads\/2022\/09\/3BA91A1F-5C19-44F8-8DE8-D0E69CE7DCA6.jpeg\" alt=\"\" width=\"917\" height=\"255\" srcset=\"https:\/\/isfdyt35-bue.infd.edu.ar\/sitio\/wp-content\/uploads\/2022\/09\/3BA91A1F-5C19-44F8-8DE8-D0E69CE7DCA6.jpeg 917w, https:\/\/isfdyt35-bue.infd.edu.ar\/sitio\/wp-content\/uploads\/2022\/09\/3BA91A1F-5C19-44F8-8DE8-D0E69CE7DCA6-768x214.jpeg 768w\" sizes=\"(max-width: 917px) 100vw, 917px\" \/><\/p>\n<p>&nbsp;<\/p>\n<p>\u00a0 \u00a0 \u00a0 \u00a0 \u00a0 \u00a0 \u00a0 \u00a0 \u00a0 \u00a0 \u00a0 \u00a0 \u00a0 \u00a0 \u00a0 \u00a0 \u00a0 \u00a0 \u00a0 \u00a0 \u00a0 \u00a0 \u00a0 \u00a0 \u00a0 \u00a0 \u00a0 \u00a0 \u00a0 \u00a0 \u00a0 \u00a0 \u00a0 \u00a0 \u00a0 \u00a0 \u00a0 \u00a0 \u00a0 \u00a0 \u00a0 \u00a0 \u00a0 \u00a0 \u00a0 \u00a0 \u00a0 \u00a0 \u00a0 \u00a0 \u00a0 \u00a0 \u00a0 \u00a0 \u00a0 \u00a0 \u00a0 \u00a0 \u00a0 \u00a0 \u00a0 \u00a0 \u00a0 \u00a0 \u00a0 \u00a0 \u00a0 \u00a0 \u00a0 \u00a0 \u00a0 \u00a0 \u00a0 \u00a0 \u00a0 \u00a0 \u00a0 \u00a0 \u00a0 \u00a0 \u00a0 \u00a0 \u00a0 \u00a0 \u00a0 \u00a0 \u00a0 \u00a0 \u00a0 \u00a0 \u00a0 \u00a0 \u00a0 \u00a0 \u00a0 \u00a0 \u00a0 \u00a0 \u00a0 \u00a0 \u00a0 \u00a0 \u00a0 \u00a0 \u00a0 \u00a0 \u00a0 \u00a0 \u00a0 \u00a0 \u00a0 \u00a0 \u00a0 \u00a0 \u00a0 \u00a0 \u00a0 \u00a0 \u00a0 \u00a0 \u00a0 \u00a0 \u00a0 \u00a0 \u00a0 \u00a0 \u00a0 \u00a0 \u00a0 \u00a0 \u00a0 \u00a0 \u00a0 \u00a0 \u00a0 \u00a0 \u00a0 \u00a0 \u00a0 \u00a0 Monte grande, 6 de Mayo de 2023<\/p>\n<p>&nbsp;<\/p>\n<p>La Asociaci\u00f3n Cooperadora del ISFDyT N\u00b035 convoca e invita a los socios activos a la Asamblea Extraordinaria a realizarse el d\u00eda lunes 10 del mes de junio del a\u00f1o 2024 a las 8 horas, en la sede del Establecimiento sito en la calle Amat N\u00ba 79, de la ciudad de Monte Grande, a los efectos de considerar el siguiente Orden del D\u00eda:<\/p>\n<p>&nbsp;<\/p>\n<ol>\n<li>Apertura de la Asamblea y lectura de la Orden del D\u00eda.<\/li>\n<\/ol>\n<p>&nbsp;<\/p>\n<ol start=\"2\">\n<li>Designaci\u00f3n de dos socios para firmar el acta.<\/li>\n<\/ol>\n<p>&nbsp;<\/p>\n<ol start=\"3\">\n<li>Lectura del Acta de la Asamblea anterior<\/li>\n<\/ol>\n<p>&nbsp;<\/p>\n<ol start=\"4\">\n<li>Lectura y aprobaci\u00f3n del Balance 2022\/2023 (hasta abril 2024)<\/li>\n<\/ol>\n<p>&nbsp;<\/p>\n<ol start=\"5\">\n<li>Lectura de la memoria, consideraciones del balance, y aprobaci\u00f3n<\/li>\n<\/ol>\n<p>&nbsp;<\/p>\n<ol start=\"6\">\n<li>Lectura y aprobaci\u00f3n del Balance 2022\/2023<\/li>\n<\/ol>\n<p>&nbsp;<\/p>\n<ol start=\"7\">\n<li>Lectura de la memoria, consideraciones del balance, y aprobaci\u00f3n.<\/li>\n<\/ol>\n<p>&nbsp;<\/p>\n<ol start=\"8\">\n<li>Elecci\u00f3n de Socios Activos para integrar el cargo de SECRETARIO\/A de la Comisi\u00f3n Directiva:<\/li>\n<\/ol>\n<p>&nbsp;<\/p>\n<ol start=\"9\">\n<li>Elecci\u00f3n de Socios Activos para integrar el resto de la Asociaci\u00f3n Cooperadora.<\/li>\n<\/ol>\n<p>&nbsp;<\/p>\n<p>VOCAL TITULAR PRIMERO:<\/p>\n<p>&nbsp;<\/p>\n<p>VOCAL TITULAR SEGUNDO:<\/p>\n<p>&nbsp;<\/p>\n<p>VOCAL TITUTLAR TERCERO:<\/p>\n<p>&nbsp;<\/p>\n<p>VOCAL SUPLENTE PRIMERO:<\/p>\n<p>&nbsp;<\/p>\n<p>VOCAL SUPLENTE SEGUNDO:<\/p>\n<p>&nbsp;<\/p>\n<p>REVISOR DE CUENTAR TITULAR:<\/p>\n<p>&nbsp;<\/p>\n<p>REVISOR DE CUENTAS SUPLENTE:<\/p>\n<p>&nbsp;<\/p>\n<ol start=\"10\">\n<li>Fijaci\u00f3n de cuota societaria.<\/li>\n<\/ol>\n<p>&nbsp;<\/p>\n<p>11 Fijaci\u00f3n de monto de caja chica.<\/p>\n<p>&nbsp;<\/p>\n<ol start=\"12\">\n<li>Realizar el FORMULARIO 10<\/li>\n<\/ol>\n<p>&nbsp;<\/p>\n<ol start=\"12\">\n<li>Fijar Monto de Caja Chica de Tesorer\u00eda.<\/li>\n<\/ol>\n<p>&nbsp;<\/p>\n<ol start=\"13\">\n<li>Fijar el Monto de la Cuota Social y forma de Pago (mensual, anual, etc.)<\/li>\n<\/ol>\n<p>&nbsp;<\/p>\n<ol start=\"14\">\n<li>Cierre a cargo del\/a Se\u00f1or\/a Asesor\/a.<\/li>\n<\/ol>\n<p>&nbsp;<\/p>\n<p>NOTA: Podr\u00e1n participar con derecho a voz y voto los socios activos; todos aquellos que adeuden cuotas, podr\u00e1n regularizar su situaci\u00f3n hasta 48 hs. antes de la Asamblea.<\/p>\n<p><strong>BICICLETERO HABILITADO:\u00a0<\/strong><\/p>\n<p>Aquellos que poseen llaves del antiguo bicicletero deben pasar por <strong>Ventanilla de informes<\/strong> y solicitar el cambio (solo se har\u00e1 contra entrega de la misma).<\/p>\n<p>Valor de cada copia de llave: <strong>$3.000.-<\/strong><\/p>\n<p><strong>Cada alumno que posea el duplicado debe firmar este acta que obra en Ventanilla de Informes.-<\/strong><\/p>\n<p><a href=\"https:\/\/isfdyt35-bue.infd.edu.ar\/sitio\/wp-content\/uploads\/2022\/09\/ACTA-BICICLETERO.docx\">ACTA BICICLETERO<\/a><\/p>\n<blockquote class=\"wp-embedded-content\" data-secret=\"yupQkoJCRl\"><p><a href=\"https:\/\/isfdyt35-bue.infd.edu.ar\/sitio\/acciones-de-la-asociacion-cooperadora\/\">Acciones de la Asociaci\u00f3n Cooperadora<\/a><\/p><\/blockquote>\n<p><iframe class=\"wp-embedded-content\" sandbox=\"allow-scripts\" security=\"restricted\" style=\"position: absolute; clip: rect(1px, 1px, 1px, 1px);\" title=\"\u00abAcciones de la Asociaci\u00f3n Cooperadora\u00bb \u2014 I.S.F.D. y T. N\u00b0 35 &quot;Prof. Vicente D&#039;Abramo&quot;\" src=\"https:\/\/isfdyt35-bue.infd.edu.ar\/sitio\/acciones-de-la-asociacion-cooperadora\/embed\/#?secret=fdu5wbFXc4#?secret=yupQkoJCRl\" data-secret=\"yupQkoJCRl\" width=\"600\" height=\"338\" frameborder=\"0\" marginwidth=\"0\" marginheight=\"0\" scrolling=\"no\"><\/iframe><\/p>\n<blockquote class=\"wp-embedded-content\" data-secret=\"PNL1vHCCRu\"><p><a href=\"https:\/\/isfdyt35-bue.infd.edu.ar\/sitio\/3181-2\/\">Convocatoria a Asamblea Ordinaria Asociaci\u00f3n cooperadora Instituto superior de formaci\u00f3n docente y t\u00e9cnica N\u00b0 35<\/a><\/p><\/blockquote>\n<p><iframe class=\"wp-embedded-content\" sandbox=\"allow-scripts\" security=\"restricted\" style=\"position: absolute; clip: rect(1px, 1px, 1px, 1px);\" title=\"\u00abConvocatoria a Asamblea Ordinaria Asociaci\u00f3n cooperadora Instituto superior de formaci\u00f3n docente y t\u00e9cnica N\u00b0 35\u00bb \u2014 I.S.F.D. y T. N\u00b0 35 &quot;Prof. Vicente D&#039;Abramo&quot;\" src=\"https:\/\/isfdyt35-bue.infd.edu.ar\/sitio\/3181-2\/embed\/#?secret=U1v0QdU2oX#?secret=PNL1vHCCRu\" data-secret=\"PNL1vHCCRu\" width=\"600\" height=\"338\" frameborder=\"0\" marginwidth=\"0\" marginheight=\"0\" scrolling=\"no\"><\/iframe><\/p>\n","protected":false},"excerpt":{"rendered":"<p>Manual de formaci\u00f3n y fortalecimiento para Cooperadoras Escolares 2021 1decreto_cooperadoras_escolares_4767-72 Estimada comunidad educativa del Instituto Superior de formaci\u00f3n Docente y t\u00e9cnica N\u00b0 35, cumplimos en informar que el d\u00eda 30 de mayo de 2025 a las 9 hs. en la sede del Establecimiento sito en la calle Amat N.\u00ba 279, de la ciudad de Monte &#8230; <a title=\"ASOCIACI\u00d3N COOPERADORA\" class=\"read-more\" href=\"https:\/\/isfdyt35-bue.infd.edu.ar\/sitio\/asociacion-cooperadora-2\/\" aria-label=\"More on ASOCIACI\u00d3N COOPERADORA\">[+]<\/a><\/p>\n","protected":false},"author":5469,"featured_media":0,"parent":0,"menu_order":0,"comment_status":"closed","ping_status":"closed","template":"","meta":[],"acf":[],"_links":{"self":[{"href":"https:\/\/isfdyt35-bue.infd.edu.ar\/sitio\/wp-json\/wp\/v2\/pages\/3139"}],"collection":[{"href":"https:\/\/isfdyt35-bue.infd.edu.ar\/sitio\/wp-json\/wp\/v2\/pages"}],"about":[{"href":"https:\/\/isfdyt35-bue.infd.edu.ar\/sitio\/wp-json\/wp\/v2\/types\/page"}],"author":[{"embeddable":true,"href":"https:\/\/isfdyt35-bue.infd.edu.ar\/sitio\/wp-json\/wp\/v2\/users\/5469"}],"replies":[{"embeddable":true,"href":"https:\/\/isfdyt35-bue.infd.edu.ar\/sitio\/wp-json\/wp\/v2\/comments?post=3139"}],"version-history":[{"count":62,"href":"https:\/\/isfdyt35-bue.infd.edu.ar\/sitio\/wp-json\/wp\/v2\/pages\/3139\/revisions"}],"predecessor-version":[{"id":8714,"href":"https:\/\/isfdyt35-bue.infd.edu.ar\/sitio\/wp-json\/wp\/v2\/pages\/3139\/revisions\/8714"}],"wp:attachment":[{"href":"https:\/\/isfdyt35-bue.infd.edu.ar\/sitio\/wp-json\/wp\/v2\/media?parent=3139"}],"curies":[{"name":"wp","href":"https:\/\/api.w.org\/{rel}","templated":true}]}}