{"id":3448,"date":"2021-11-14T06:46:19","date_gmt":"2021-11-14T09:46:19","guid":{"rendered":"https:\/\/isfdyt35-bue.infd.edu.ar\/sitio\/?page_id=3448"},"modified":"2021-11-14T06:49:05","modified_gmt":"2021-11-14T09:49:05","slug":"pre-inscripciones-aspirantes-2022","status":"publish","type":"page","link":"https:\/\/isfdyt35-bue.infd.edu.ar\/sitio\/pre-inscripciones-aspirantes-2022\/","title":{"rendered":"PRE-INSCRIPCIONES ASPIRANTES 2022"},"content":{"rendered":"\n<p><strong>Se encuentra abierta la Pre-Inscripci\u00f3n para aspirantes a todas las carreras del Instituto Superior de Formaci\u00f3n Docente y T\u00e9cnica N\u00b0 35 \u201cProfesor Vicente D\u2019Abramo\u201d<\/strong><\/p>\n\n\n\n<p><strong>Bienvenidos a una nueva Pre-inscripci\u00f3n<\/strong><\/p>\n\n\n\n<p>Antes de iniciar la Pre-inscripci\u00f3n se deber\u00e1 contar&nbsp;<strong>OBLIGATORIAMENTE<\/strong>&nbsp;con una cuenta de correo electr\u00f3nico de&nbsp;<strong>Gmail<\/strong>. Recordamos que el usuario y la direcci\u00f3n del correo deben ser adecuados a los fines de ser utilizados como forma de comunicaci\u00f3n en una instituci\u00f3n educativa, de formaci\u00f3n profesional y docente. Se sugiere que contenga, en la medida de las posibilidades,&nbsp;<strong>nombre y apellido del aspirante<\/strong>&nbsp;y se&nbsp;<strong>evite la utilizaci\u00f3n de apodos o nombres de fantas\u00eda<\/strong>.<\/p>\n\n\n\n<p>Completar el&nbsp;<strong>Formulario Institucional online por carrera<\/strong>.<\/p>\n\n\n\n<p>Asistir a nuestra sede Institucional cita en Amat 279; Monte Grande con el legajo completo que constar\u00e1 dentro de un folio tama\u00f1o oficio de una planilla de inscripci\u00f3n al profesorado junto con fotocopia frente y dorso del DNI, fotocopia frente y dorso t\u00edtulo secundario u original de la constancia de t\u00edtulo en tr\u00e1mite o, en caso de a\u00fan no haber obtenido el t\u00edtulo secundario la constancia de alumno regular, 2 fotos 4X4 y un certificado m\u00e9dico de aptitud Psico-f\u00edsica.<\/p>\n\n\n\n<p>Todos aquellos que se hayan Pre-inscripto correctamente recibir\u00e1n un mail de confirmaci\u00f3n el cual no deber\u00e1 ser eliminado ya que adem\u00e1s de ser comprobante de Pre-Inscripci\u00f3n, les permitir\u00e1 modificar el formulario las veces que considere necesario hasta el cierre de Inscripci\u00f3n.Tenga en cuenta que debe estar atento a las comunicaciones de esta p\u00e1gina Oficial ya que aqu\u00ed se publicar\u00e1n todas las novedades.En fecha oportuna se les informar\u00e1 por este medio las fechas y modalidades del CARES (Curso de Acercamiento a la Realidad de la Educaci\u00f3n Superior), esta Instancia es obligatoria ya que es condici\u00f3n imprescindible para acceder a la Inscripci\u00f3n definitiva, asimismo se arbitrar\u00e1n los medios para hacer efectivo el Bono contribuci\u00f3n de Cooperadora cuyo monto es de $800.-, decidida por las autoridades de la Asociaci\u00f3n Cooperadora del Instituto.-<\/p>\n\n\n\n<p><strong>Qu\u00e9 es el CARES?:<\/strong><\/p>\n\n\n\n<p><strong>CIRCUITO DE ACOMPA\u00d1AMIENTO A LA REALIDAD DE LA EDUCACION SUPERIOR&nbsp;<\/strong>(CARES)<\/p>\n\n\n\n<p><strong>Caracterizaci\u00f3n:<\/strong><\/p>\n\n\n\n<p>Es la primera instancia de la trayectoria estudiantil.<\/p>\n\n\n\n<p>Se inicia con anterioridad al inicio de las clases&nbsp; de todas las carreras y se contin\u00faa durante el primer a\u00f1o de estudios en todas las unidades curriculares de primer a\u00f1o.<\/p>\n\n\n\n<p><strong>Componentes:<\/strong><\/p>\n\n\n\n<p>1.-<strong>Charlas informativas<\/strong>&nbsp;a cargo de autoridades, Jefes de \u00c1rea, Secretario y\/o preceptores, docentes y estudiantes de cursos superiores, &nbsp;en&nbsp; diciembre y &nbsp;febrero, referidas a:<\/p>\n\n\n\n<p>a)&nbsp;&nbsp;&nbsp; La Educaci\u00f3n Superior, la Instituci\u00f3n, la propuesta curricular de cada carrera, el trayecto de formaci\u00f3n.<\/p>\n\n\n\n<p>b)&nbsp;&nbsp;&nbsp; Perfil del graduado, inserci\u00f3n en el sistema educativo y\/o productivo o de servicios.<\/p>\n\n\n\n<p>c)&nbsp;&nbsp;&nbsp; &nbsp;Cuestiones administrativas propias de la inscripci\u00f3n y el ingreso.<\/p>\n\n\n\n<p>2.-<strong>M\u00f3dulo de Ingreso<\/strong>: El m\u00f3dulo ser\u00e1 preparado por profesores de la carrera. Debe contar con el asesoramiento y aprobaci\u00f3n del Jefe de \u00c1rea o, en su defecto, Regente a cargo de la carrera quien lo presentar\u00e1 a Direcci\u00f3n para su aprobaci\u00f3n definitiva. Estar\u00e1 a disposici\u00f3n de los estudiantes cuando el contexto lo permita y ser\u00e1 comunicado oportunamente. El estudiante&nbsp; resolver\u00e1 todas las cuestiones que est\u00e9n en sus posibilidades, y expondr\u00e1 por los medios que se arbitren oportunamente las dificultades que se le plantearon. &nbsp;En la fecha que se indique, el estudiante&nbsp; entregar\u00e1 el m\u00f3dulo, el&nbsp; que ser\u00e1 considerado por los profesores de primer a\u00f1o a fin de ajustar sus propuestas curriculares. Al inicio de la cursada el m\u00f3dulo ser\u00e1 devuelto a los estudiantes para retomar y profundizar contenidos y actividades en cada una de las c\u00e1tedras.<\/p>\n\n\n\n<p>Estar\u00e1 compuesto por:<\/p>\n\n\n\n<p>1 -Informaci\u00f3n:<\/p>\n\n\n\n<p>a)&nbsp;&nbsp;&nbsp; Institucional<\/p>\n\n\n\n<p>b)&nbsp;&nbsp;&nbsp; Dise\u00f1o curricular de la carrera.<\/p>\n\n\n\n<p>c)&nbsp;&nbsp;&nbsp; Desarrollo de las unidades curriculares de primer a\u00f1o y su proyecci\u00f3n en el trayecto de formaci\u00f3n.<\/p>\n\n\n\n<p>2.-Introducci\u00f3n a los estudios de nivel superior: Abordaje de temas referidos a la Instituci\u00f3n educativa, el Rol docente y Pr\u00e1ctica docente con&nbsp; instancias de reflexi\u00f3n, an\u00e1lisis y estudio&nbsp; que posicionen al estudiante como sujeto pol\u00edtico en escenarios sociales.<\/p>\n\n\n\n<p>3.-Propuestas de trabajo de resoluci\u00f3n obligatoria.<\/p>\n\n\n\n<p>4.-Instancias de autoevaluaci\u00f3n que colaboren en el diagn\u00f3stico que realizar\u00e1 el docente de primer a\u00f1o, en el seno de su c\u00e1tedra, y que propicien la concientizaci\u00f3n por parte del estudiante, sobre campos y aspectos que necesite afianzar&nbsp; y reforzar.<\/p>\n\n\n\n<p><strong>3.-Trayectos acad\u00e9micos:<\/strong><\/p>\n\n\n\n<p>Consistir\u00e1n en&nbsp;diversos recorridos que debe realizar &nbsp;el estudiante a fin de iniciarse en los estudios superiores, previos al inicio del ciclo lectivo.&nbsp; Deben estar constituidos por diferentes propuestas tales como conferencias, talleres, ateneos, clases te\u00f3rico-pr\u00e1cticas, paneles, entre otros,&nbsp; en los que se desarrollar\u00e1n las tem\u00e1ticas generales y espec\u00edficas previstas. Las actividades&nbsp; estar\u00e1n a cargo de docentes y estudiantes avanzados&nbsp; y se replicar\u00e1n en los distintos turnos con el objeto de propiciar la mayor participaci\u00f3n de estudiantes. Los circuitos tendr\u00e1n la duraci\u00f3n que se estime conveniente en el contexto. Las&nbsp; actividades pueden ser&nbsp; comunes&nbsp; para todos los estudiantes o propias para cada&nbsp; carrera. Las tem\u00e1ticas generales ser\u00e1n presentadas en los d\u00edas y horarios de funcionamiento de la Instituci\u00f3n y las tem\u00e1ticas espec\u00edficas en el horario en que estime conveniente la carrera, con el objeto de propiciar las mayores oportunidades de participaci\u00f3n. El Trayecto Acad\u00e9mico &nbsp;se desarrollar\u00e1 con la modalidad acorde al contexto. Reviste car\u00e1cter de obligatorio y est\u00e1 sujeto al porcentaje de asistencia requerido seg\u00fan la modalidad de la carrera. A la finalizaci\u00f3n del mismo, cada estudiante deber\u00e1 ratificar su inscripci\u00f3n como alumno regular.<\/p>\n\n\n\n<p>Ubicaci\u00f3n del Instituto Superior de Formaci\u00f3n Docente y T\u00e9cnica N\u00b0 35: Amat 279 Monte Grande<br>Somos una instituci\u00f3n<strong>&nbsp;p\u00fablica y gratuita<\/strong>&nbsp;de la Provincia de Bs. As. Nuestros t\u00edtulos son&nbsp;<strong>oficiales y de validez naciona<\/strong>l.<br>El instituto funciona en 3 turnos:<\/p>\n\n\n\n<ul><li>Turno ma\u00f1ana: 8 a 12<\/li><li>Turno tarde: 13 a 17<\/li><li>Turno vespertino: 17:30 a 21:30<\/li><\/ul>\n\n\n\n<p><strong>De los estudiantes que ingresen por pase<\/strong><\/p>\n\n\n\n<p>Los estudiantes que ingresen por pase de otros establecimientos con cursadas aprobadas de una o m\u00e1s unidades curriculares, deber\u00e1n adecuarse a las condiciones fijadas en el Plan Institucional de Evaluaci\u00f3n y al proyecto de c\u00e1tedra vigente en la instituci\u00f3n receptora para acceder a la instancia de acreditaci\u00f3n.<\/p>\n\n\n\n<p><strong>De las equivalencias<\/strong><\/p>\n\n\n\n<p>Las equivalencias deber\u00e1n ser solicitadas si es aspirante en la Inscripci\u00f3n definitiva. Se podr\u00e1n acreditar unidades curriculares mediante el r\u00e9gimen de equivalencia sobre &nbsp;saberes acreditados en la misma instituci\u00f3n, (en planes anteriores al vigente o de otras carreras) o en otras instituciones del mismo nivel las cuales se tramitar\u00e1n en el per\u00edodo de inscripci\u00f3n de alumnos regulares<\/p>\n\n\n\n<p>Las equivalencias podr\u00e1n comprender una unidad&nbsp; curricular completa o una parte de la misma (equivalencia parcial).Solo se otorgar\u00e1 aprobaci\u00f3n por equivalencia en los casos en que no hayan transcurrido m\u00e1s de seis a\u00f1os desde la acreditaci\u00f3n de la unidad curricular correspondiente.<\/p>\n\n\n\n<p>La tramitaci\u00f3n de las solicitudes de equivalencias se ajustar\u00e1n a lo pautado en el&nbsp;&nbsp;<strong>ANEXO&nbsp;&nbsp; VII<\/strong>&nbsp; del R\u00e9gimen Acad\u00e9mico Institucional insertado a continuaci\u00f3n.-<\/p>\n\n\n\n<p>Por favor, lea atentamente el\u00a0<strong>R\u00e9gimen Acad\u00e9mico Institucional<\/strong><\/p>\n\n\n\n<figure class=\"wp-block-embed is-type-wp-embed is-provider-50-aniversario-i-s-f-d-y-t-n-35-quot-profesor-vicente-d-039-abramo-quot-1971-2021 wp-block-embed-50-aniversario-i-s-f-d-y-t-n-35-quot-profesor-vicente-d-039-abramo-quot-1971-2021\"><div class=\"wp-block-embed__wrapper\">\n<blockquote class=\"wp-embedded-content\" data-secret=\"A5kNjBNMST\"><a href=\"https:\/\/isfdyt35-bue.infd.edu.ar\/sitio\/regimen-academico-institucional\/\">R\u00e9gimen Acad\u00e9mico Institucional<\/a><\/blockquote><iframe class=\"wp-embedded-content\" sandbox=\"allow-scripts\" security=\"restricted\" style=\"position: absolute; clip: rect(1px, 1px, 1px, 1px);\" title=\"\u00abR\u00e9gimen Acad\u00e9mico Institucional\u00bb \u2014 50\u00b0 ANIVERSARIO I.S.F.D. y T. N\u00b0 35 &quot;PROFESOR VICENTE D&#039;ABRAMO&quot; (1971-2021)\" src=\"https:\/\/isfdyt35-bue.infd.edu.ar\/sitio\/regimen-academico-institucional\/embed\/#?secret=A5kNjBNMST\" data-secret=\"A5kNjBNMST\" width=\"600\" height=\"338\" frameborder=\"0\" marginwidth=\"0\" marginheight=\"0\" scrolling=\"no\"><\/iframe>\n<\/div><\/figure>\n\n\n\n<p><\/p>\n\n\n\n<p>La mayor\u00eda de las Pr\u00e1cticas docentes y profesionalizantes son en contra turno<\/p>\n\n\n\n<p>Valor del Bono contribuci\u00f3n de Cooperadora para gastos administrativos: $600.-<\/p>\n\n\n\n<p>Los invitamos a hacer click en la carrera elegida y comenzar as\u00ed su proceso de Pre-inscripci\u00f3n a nuestro ISFDyT 35.<\/p>\n\n\n\n<p>\u00a1Bienvenidos y \u00c9xitos!<\/p>\n\n\n\n<p><a href=\"https:\/\/isfdyt35-bue.infd.edu.ar\/sitio\/profesorado-de-educacion-primaria\/\" target=\"_blank\" rel=\"noreferrer noopener\">PROFESORADO DE EDUCACI\u00d3N PRIMARIA<\/a><\/p>\n\n\n\n<p><a href=\"https:\/\/isfdyt35-bue.infd.edu.ar\/sitio\/profesorado-de-educacion-inicial\/\" target=\"_blank\" rel=\"noreferrer noopener\">PROFESORADO DE EDUCACI\u00d3N INICIAL<\/a><\/p>\n\n\n\n<p><a href=\"https:\/\/isfdyt35-bue.infd.edu.ar\/sitio\/profesorado-de-ingles\/\" target=\"_blank\" rel=\"noreferrer noopener\">PROFESORADO DE INGL\u00c9S<\/a><\/p>\n\n\n\n<p><a href=\"https:\/\/isfdyt35-bue.infd.edu.ar\/sitio\/profesorado-en-fisica\/\" target=\"_blank\" rel=\"noreferrer noopener\">PROFESORADO DE F\u00cdSICA<\/a><\/p>\n\n\n\n<p><a href=\"https:\/\/isfdyt35-bue.infd.edu.ar\/sitio\/profesorado-en-quimica\/\" target=\"_blank\" rel=\"noreferrer noopener\">PROFESORADO DE QU\u00cdMICA<\/a><\/p>\n\n\n\n<p><a href=\"https:\/\/isfdyt35-bue.infd.edu.ar\/sitio\/profesorado-en-biologia\/\" target=\"_blank\" rel=\"noreferrer noopener\">PROFESORADO DE BIOLOG\u00cdA<\/a><\/p>\n\n\n\n<p><a href=\"https:\/\/isfdyt35-bue.infd.edu.ar\/sitio\/profesorado-en-geografia\/\" target=\"_blank\" rel=\"noreferrer noopener\">PROFESORADO DE GEOGRAF\u00cdA<\/a><\/p>\n\n\n\n<p><a href=\"https:\/\/isfdyt35-bue.infd.edu.ar\/sitio\/profesorado-en-lengua-y-literatura\/\" target=\"_blank\" rel=\"noreferrer noopener\">PROFESORADO DE LENGUA Y LITERATURA<\/a><\/p>\n\n\n\n<p><a href=\"https:\/\/isfdyt35-bue.infd.edu.ar\/sitio\/profesorado-en-historia\/\" target=\"_blank\" rel=\"noreferrer noopener\">PROFESORADO DE HISTORIA<\/a><\/p>\n\n\n\n<p><a href=\"https:\/\/isfdyt35-bue.infd.edu.ar\/sitio\/profesorado-en-matematica\/\" target=\"_blank\" rel=\"noreferrer noopener\">PROFESORADO DE MATEM\u00c1TICA<\/a><\/p>\n\n\n\n<p><a href=\"https:\/\/isfdyt35-bue.infd.edu.ar\/sitio\/tecnicatura-superior-en-gestion-ambiental-y-salud\/\" target=\"_blank\" rel=\"noreferrer noopener\">TECNICATURA EN GESTI\u00d3N AMBIENTAL<\/a><\/p>\n\n\n\n<p><a href=\"https:\/\/isfdyt35-bue.infd.edu.ar\/sitio\/tecnicatura-superior-en-bibliotecologia-tsb\/\" target=\"_blank\" rel=\"noreferrer noopener\">TECNICATURA SUPERIOR EN BIBLIOTECOLOG\u00cdA<\/a><\/p>\n\n\n\n<p><a href=\"https:\/\/isfdyt35-bue.infd.edu.ar\/sitio\/bibliotecario-de-instituciones-educativasbie\/\" target=\"_blank\" rel=\"noreferrer noopener\">BIBLIOTECARIO EN INSTITUCIONES EDUCATIVAS<\/a><\/p>\n\n\n\n<p><a rel=\"noreferrer noopener\" href=\"https:\/\/forms.gle\/SjBNZyuAK64ebGyz9\" target=\"_blank\">PROFESORADO DE EDUCACI\u00d3N ESPECI<\/a><a href=\"https:\/\/isfdyt35-bue.infd.edu.ar\/sitio\/profesorado-en-educacion-especial\/\" target=\"_blank\" rel=\"noreferrer noopener\">AL<\/a><\/p>\n","protected":false},"excerpt":{"rendered":"<p>Se encuentra abierta la Pre-Inscripci\u00f3n para aspirantes a todas las carreras del Instituto Superior de Formaci\u00f3n Docente y T\u00e9cnica N\u00b0 35 \u201cProfesor Vicente D\u2019Abramo\u201d Bienvenidos a una nueva Pre-inscripci\u00f3n Antes de iniciar la Pre-inscripci\u00f3n se deber\u00e1 contar&nbsp;OBLIGATORIAMENTE&nbsp;con una cuenta de correo electr\u00f3nico de&nbsp;Gmail. Recordamos que el usuario y la direcci\u00f3n del correo deben ser adecuados &#8230; <a title=\"PRE-INSCRIPCIONES ASPIRANTES 2022\" class=\"read-more\" href=\"https:\/\/isfdyt35-bue.infd.edu.ar\/sitio\/pre-inscripciones-aspirantes-2022\/\" aria-label=\"More on PRE-INSCRIPCIONES ASPIRANTES 2022\">[+]<\/a><\/p>\n","protected":false},"author":5469,"featured_media":0,"parent":0,"menu_order":0,"comment_status":"closed","ping_status":"closed","template":"","meta":[],"acf":[],"_links":{"self":[{"href":"https:\/\/isfdyt35-bue.infd.edu.ar\/sitio\/wp-json\/wp\/v2\/pages\/3448"}],"collection":[{"href":"https:\/\/isfdyt35-bue.infd.edu.ar\/sitio\/wp-json\/wp\/v2\/pages"}],"about":[{"href":"https:\/\/isfdyt35-bue.infd.edu.ar\/sitio\/wp-json\/wp\/v2\/types\/page"}],"author":[{"embeddable":true,"href":"https:\/\/isfdyt35-bue.infd.edu.ar\/sitio\/wp-json\/wp\/v2\/users\/5469"}],"replies":[{"embeddable":true,"href":"https:\/\/isfdyt35-bue.infd.edu.ar\/sitio\/wp-json\/wp\/v2\/comments?post=3448"}],"version-history":[{"count":2,"href":"https:\/\/isfdyt35-bue.infd.edu.ar\/sitio\/wp-json\/wp\/v2\/pages\/3448\/revisions"}],"predecessor-version":[{"id":3451,"href":"https:\/\/isfdyt35-bue.infd.edu.ar\/sitio\/wp-json\/wp\/v2\/pages\/3448\/revisions\/3451"}],"wp:attachment":[{"href":"https:\/\/isfdyt35-bue.infd.edu.ar\/sitio\/wp-json\/wp\/v2\/media?parent=3448"}],"curies":[{"name":"wp","href":"https:\/\/api.w.org\/{rel}","templated":true}]}}