{"id":8301,"date":"2024-12-18T20:36:49","date_gmt":"2024-12-18T23:36:49","guid":{"rendered":"https:\/\/isfdyt35-bue.infd.edu.ar\/sitio\/?page_id=8301"},"modified":"2024-12-18T20:36:50","modified_gmt":"2024-12-18T23:36:50","slug":"r-a-m-regimen-academico-marco","status":"publish","type":"page","link":"https:\/\/isfdyt35-bue.infd.edu.ar\/sitio\/r-a-m-regimen-academico-marco\/","title":{"rendered":"R. A. M. (R\u00c9GIMEN ACAD\u00c9MICO MARCO)"},"content":{"rendered":"\n<p class=\"has-medium-font-size\">Estimada comunidad educativa, nos complace socializar el Nuevo R\u00e9gimen Acad\u00e9mico Marco con sus respectivos anexos.<\/p>\n\n\n\n<p class=\"has-large-font-size\"><a href=\"https:\/\/isfdyt35-bue.infd.edu.ar\/sitio\/wp-content\/uploads\/2024\/12\/RESOC-4196-24-Regimen-Academico-Superior-1.pdf\" target=\"_blank\" rel=\"noreferrer noopener\">R\u00c9GIMEN ACAD\u00c9MICO MARCO<\/a><\/p>\n\n\n\n<p class=\"has-large-font-size\"><a href=\"https:\/\/isfdyt35-bue.infd.edu.ar\/sitio\/wp-content\/uploads\/2024\/12\/Anexo-1-4.pdf\" target=\"_blank\" rel=\"noreferrer noopener\">ANEXO 1<\/a><\/p>\n\n\n\n<p class=\"has-large-font-size\"><a href=\"https:\/\/isfdyt35-bue.infd.edu.ar\/sitio\/wp-content\/uploads\/2024\/12\/Anexo-2-6.pdf\">ANEXO 2<\/a><\/p>\n\n\n\n<p class=\"has-large-font-size\"><a href=\"https:\/\/isfdyt35-bue.infd.edu.ar\/sitio\/wp-content\/uploads\/2024\/12\/Anexo-3-2.pdf\" target=\"_blank\" rel=\"noreferrer noopener\">ANEXO 3<\/a><\/p>\n\n\n\n<p><\/p>\n","protected":false},"excerpt":{"rendered":"<p>Estimada comunidad educativa, nos complace socializar el Nuevo R\u00e9gimen Acad\u00e9mico Marco con sus respectivos anexos. R\u00c9GIMEN ACAD\u00c9MICO MARCO ANEXO 1 ANEXO 2 ANEXO 3<\/p>\n","protected":false},"author":5469,"featured_media":0,"parent":0,"menu_order":0,"comment_status":"closed","ping_status":"closed","template":"","meta":[],"acf":[],"_links":{"self":[{"href":"https:\/\/isfdyt35-bue.infd.edu.ar\/sitio\/wp-json\/wp\/v2\/pages\/8301"}],"collection":[{"href":"https:\/\/isfdyt35-bue.infd.edu.ar\/sitio\/wp-json\/wp\/v2\/pages"}],"about":[{"href":"https:\/\/isfdyt35-bue.infd.edu.ar\/sitio\/wp-json\/wp\/v2\/types\/page"}],"author":[{"embeddable":true,"href":"https:\/\/isfdyt35-bue.infd.edu.ar\/sitio\/wp-json\/wp\/v2\/users\/5469"}],"replies":[{"embeddable":true,"href":"https:\/\/isfdyt35-bue.infd.edu.ar\/sitio\/wp-json\/wp\/v2\/comments?post=8301"}],"version-history":[{"count":1,"href":"https:\/\/isfdyt35-bue.infd.edu.ar\/sitio\/wp-json\/wp\/v2\/pages\/8301\/revisions"}],"predecessor-version":[{"id":8303,"href":"https:\/\/isfdyt35-bue.infd.edu.ar\/sitio\/wp-json\/wp\/v2\/pages\/8301\/revisions\/8303"}],"wp:attachment":[{"href":"https:\/\/isfdyt35-bue.infd.edu.ar\/sitio\/wp-json\/wp\/v2\/media?parent=8301"}],"curies":[{"name":"wp","href":"https:\/\/api.w.org\/{rel}","templated":true}]}}